{"id":77306,"date":"2026-05-10T22:22:10","date_gmt":"2026-05-10T20:22:10","guid":{"rendered":"https:\/\/www.shopinlapland.com\/?post_type=product&#038;p=77306"},"modified":"2026-05-11T21:04:44","modified_gmt":"2026-05-11T19:04:44","slug":"karlekshjartat-silverhalsband","status":"publish","type":"product","link":"https:\/\/www.shopinlapland.com\/en\/karlekshjartat-silverhalsband\/","title":{"rendered":"K\u00e4rlekshj\u00e4rtat &#8211; Silverhalsband"},"content":{"rendered":"","protected":false},"excerpt":{"rendered":"<p>K\u00e4rlekshj\u00e4rtat &#8211; Silverh\u00e4nge i form av ett hj\u00e4rta. Designen \u00e4r inspirerad av den samiska smyckestraditionen och har samma stil som den popul\u00e4ra K\u00e4rleksringen. Halskedja 45 cm ing\u00e5r.<\/p>\n<p>Height: approx. 19 mm<br \/>\nBredd: ca 19 mm p\u00e5 bredaste st\u00e4llet<\/p>\n<p>925 silver, nickel free<\/p>\n<p>A craft from Norrbotten.<\/p>","protected":false},"featured_media":77328,"comment_status":"open","ping_status":"closed","template":"","meta":{"_acf_changed":false,"_kad_blocks_custom_css":"","_kad_blocks_head_custom_js":"","_kad_blocks_body_custom_js":"","_kad_blocks_footer_custom_js":"","_kad_post_transparent":"default","_kad_post_title":"","_kad_post_layout":"default","_kad_post_sidebar_id":"","_kad_post_content_style":"default","_kad_post_vertical_padding":"default","_kad_post_feature":"","_kad_post_feature_position":"","_kad_post_header":false,"_kad_post_footer":false,"_kad_post_classname":""},"product_brand":[],"product_cat":[31,333,30,399,17],"product_tag":[341],"class_list":{"0":"post-77306","1":"product","2":"type-product","3":"status-publish","4":"has-post-thumbnail","6":"product_cat-halsband","7":"product_cat-karlek","8":"product_cat-nyheter","9":"product_cat-silverhalsband","10":"product_cat-smycken","11":"product_tag-morsdagspresent","12":"product_shipping_class-brev","13":"pa_shipping-time-produkten-finns-i-butiken-skickas-inom-1-3-arbetsdagar","15":"first","16":"instock","17":"taxable","18":"shipping-taxable","19":"purchasable","20":"product-type-simple","21":"entry","22":"content-bg","23":"loop-entry"},"bundled_by":[],"bundle_stock_status":"instock","bundle_stock_quantity":1,"bundle_virtual":false,"bundle_layout":"","bundle_add_to_cart_form_location":"","bundle_editable_in_cart":false,"bundle_sold_individually_context":"","bundle_item_grouping":"","bundle_min_size":"","bundle_max_size":"","bundled_items":[],"bundle_sell_ids":[],"acf":[],"featured_image_src_large":["https:\/\/www.shopinlapland.com\/wp-content\/uploads\/2026\/05\/Halsband_2605_Karlekshjartat-1024x1024.jpg",1024,1024,true],"author_info":[],"comment_info":0,"taxonomy_info":{"product_cat":[{"value":31,"label":"Halsband"},{"value":333,"label":"K\u00e4rlek"},{"value":30,"label":"Nyheter"},{"value":399,"label":"Silverhalsband"},{"value":17,"label":"Smycken"}],"product_tag":[{"value":341,"label":"Morsdagspresent"}],"pa_shipping-time":[{"value":65,"label":"Produkten finns i lager, skickas inom 1-3 arbetsdagar."}]},"_links":{"self":[{"href":"https:\/\/www.shopinlapland.com\/en\/wp-json\/wp\/v2\/product\/77306","targetHints":{"allow":["GET"]}}],"collection":[{"href":"https:\/\/www.shopinlapland.com\/en\/wp-json\/wp\/v2\/product"}],"about":[{"href":"https:\/\/www.shopinlapland.com\/en\/wp-json\/wp\/v2\/types\/product"}],"replies":[{"embeddable":true,"href":"https:\/\/www.shopinlapland.com\/en\/wp-json\/wp\/v2\/comments?post=77306"}],"wp:featuredmedia":[{"embeddable":true,"href":"https:\/\/www.shopinlapland.com\/en\/wp-json\/wp\/v2\/media\/77328"}],"wp:attachment":[{"href":"https:\/\/www.shopinlapland.com\/en\/wp-json\/wp\/v2\/media?parent=77306"}],"wp:term":[{"taxonomy":"product_brand","embeddable":true,"href":"https:\/\/www.shopinlapland.com\/en\/wp-json\/wp\/v2\/product_brand?post=77306"},{"taxonomy":"product_cat","embeddable":true,"href":"https:\/\/www.shopinlapland.com\/en\/wp-json\/wp\/v2\/product_cat?post=77306"},{"taxonomy":"product_tag","embeddable":true,"href":"https:\/\/www.shopinlapland.com\/en\/wp-json\/wp\/v2\/product_tag?post=77306"}],"curies":[{"name":"wp","href":"https:\/\/api.w.org\/{rel}","templated":true}]}}