{"id":77305,"date":"2026-05-10T21:58:23","date_gmt":"2026-05-10T19:58:23","guid":{"rendered":"https:\/\/www.shopinlapland.com\/?post_type=product&#038;p=77305"},"modified":"2026-05-11T21:05:43","modified_gmt":"2026-05-11T19:05:43","slug":"karlekshjartan-silverorhangen","status":"publish","type":"product","link":"https:\/\/www.shopinlapland.com\/en\/karlekshjartan-silverorhangen\/","title":{"rendered":"K\u00e4rlekshj\u00e4rtan &#8211; Silver\u00f6rh\u00e4ngen"},"content":{"rendered":"","protected":false},"excerpt":{"rendered":"<p>K\u00e4rlekshj\u00e4rtan &#8211; \u00d6rh\u00e4ngen i silver inspirerad av den samiska smyckestraditionen, i samma stil som den popul\u00e4ra K\u00e4rleksringen.<br \/>\nLevereras parvis.<\/p>\n<p>\u00d6rh\u00e4ngena \u00e4r h\u00e4ngande med stift.<\/p>\n<p>Height: approx. 19 mm<br \/>\nBredd: ca 19 mm p\u00e5 bredaste st\u00e4llet<\/p>\n<p>925 silver, nickel free<\/p>\n<p>A craft from Norrbotten.<\/p>","protected":false},"featured_media":77324,"comment_status":"open","ping_status":"closed","template":"","meta":{"_acf_changed":false,"_kad_blocks_custom_css":"","_kad_blocks_head_custom_js":"","_kad_blocks_body_custom_js":"","_kad_blocks_footer_custom_js":"","_kad_post_transparent":"default","_kad_post_title":"","_kad_post_layout":"default","_kad_post_sidebar_id":"","_kad_post_content_style":"default","_kad_post_vertical_padding":"default","_kad_post_feature":"","_kad_post_feature_position":"","_kad_post_header":false,"_kad_post_footer":false,"_kad_post_classname":""},"product_brand":[],"product_cat":[333,30,34,581,17],"product_tag":[],"class_list":{"0":"post-77305","1":"product","2":"type-product","3":"status-publish","4":"has-post-thumbnail","6":"product_cat-karlek","7":"product_cat-nyheter","8":"product_cat-orhangen","9":"product_cat-orhangen-med-stift","10":"product_cat-smycken","11":"product_shipping_class-brev","12":"pa_shipping-time-produkten-finns-i-butiken-skickas-inom-1-3-arbetsdagar","14":"first","15":"instock","16":"taxable","17":"shipping-taxable","18":"purchasable","19":"product-type-simple","20":"entry","21":"content-bg","22":"loop-entry"},"bundled_by":[],"bundle_stock_status":"instock","bundle_stock_quantity":1,"bundle_virtual":false,"bundle_layout":"","bundle_add_to_cart_form_location":"","bundle_editable_in_cart":false,"bundle_sold_individually_context":"","bundle_item_grouping":"","bundle_min_size":"","bundle_max_size":"","bundled_items":[],"bundle_sell_ids":[],"acf":[],"featured_image_src_large":["https:\/\/www.shopinlapland.com\/wp-content\/uploads\/2026\/05\/orhangen_2605_karlekshjartan-1024x1024.jpg",1024,1024,true],"author_info":[],"comment_info":0,"taxonomy_info":{"product_cat":[{"value":333,"label":"K\u00e4rlek"},{"value":30,"label":"Nyheter"},{"value":34,"label":"\u00d6rh\u00e4ngen"},{"value":581,"label":"\u00d6rh\u00e4ngen med stift"},{"value":17,"label":"Smycken"}],"pa_shipping-time":[{"value":65,"label":"Produkten finns i lager, skickas inom 1-3 arbetsdagar."}]},"_links":{"self":[{"href":"https:\/\/www.shopinlapland.com\/en\/wp-json\/wp\/v2\/product\/77305","targetHints":{"allow":["GET"]}}],"collection":[{"href":"https:\/\/www.shopinlapland.com\/en\/wp-json\/wp\/v2\/product"}],"about":[{"href":"https:\/\/www.shopinlapland.com\/en\/wp-json\/wp\/v2\/types\/product"}],"replies":[{"embeddable":true,"href":"https:\/\/www.shopinlapland.com\/en\/wp-json\/wp\/v2\/comments?post=77305"}],"wp:featuredmedia":[{"embeddable":true,"href":"https:\/\/www.shopinlapland.com\/en\/wp-json\/wp\/v2\/media\/77324"}],"wp:attachment":[{"href":"https:\/\/www.shopinlapland.com\/en\/wp-json\/wp\/v2\/media?parent=77305"}],"wp:term":[{"taxonomy":"product_brand","embeddable":true,"href":"https:\/\/www.shopinlapland.com\/en\/wp-json\/wp\/v2\/product_brand?post=77305"},{"taxonomy":"product_cat","embeddable":true,"href":"https:\/\/www.shopinlapland.com\/en\/wp-json\/wp\/v2\/product_cat?post=77305"},{"taxonomy":"product_tag","embeddable":true,"href":"https:\/\/www.shopinlapland.com\/en\/wp-json\/wp\/v2\/product_tag?post=77305"}],"curies":[{"name":"wp","href":"https:\/\/api.w.org\/{rel}","templated":true}]}}