{"id":75307,"date":"2026-03-05T10:39:30","date_gmt":"2026-03-05T09:39:30","guid":{"rendered":"https:\/\/www.shopinlapland.com\/?post_type=product&#038;p=75307"},"modified":"2026-04-09T15:25:21","modified_gmt":"2026-04-09T13:25:21","slug":"tennarmband-klassikern-i-lager","status":"publish","type":"product","link":"https:\/\/www.shopinlapland.com\/en\/tennarmband-klassikern-i-lager\/","title":{"rendered":"Pewter bracelet Classic \u2013 in stock"},"content":{"rendered":"","protected":false},"excerpt":{"rendered":"<p>Tin bracelet with tin braid, the braid is sewn on vegetable tanned reindeer skin. Width about 0.9 cm. Reindeer horn button and reinforced loop. A craft from Norrbotten.<\/p>\n<p class=\"p1\"><b>NOTE!<br \/>\nFor the correct size, measure the circumference around your wrist as shown in the picture and then add 1.5 cm.<\/b><\/p>\n<p><strong>Here you will find variants of this model that are in stock for delivery within 1-3 days.<\/strong><\/p>\n<p><strong>For a complete selection with slightly longer delivery time, see<\/strong> <a href=\"https:\/\/www.shopinlapland.com\/en\/tennarmband-klassikern-finns-i-flera-farger\/\">https:\/\/www.shopinlapland.com\/tennarmband-klassikern-finns-i-flera-farger\/<\/a><\/p>","protected":false},"featured_media":134,"comment_status":"open","ping_status":"closed","template":"","meta":{"_acf_changed":false,"_kad_blocks_custom_css":"","_kad_blocks_head_custom_js":"","_kad_blocks_body_custom_js":"","_kad_blocks_footer_custom_js":"","_kad_post_transparent":"default","_kad_post_title":"","_kad_post_layout":"default","_kad_post_sidebar_id":"","_kad_post_content_style":"default","_kad_post_vertical_padding":"default","_kad_post_feature":"","_kad_post_feature_position":"","_kad_post_header":false,"_kad_post_footer":false,"_kad_post_classname":""},"product_brand":[],"product_cat":[603],"product_tag":[353,92,342],"class_list":{"0":"post-75307","1":"product","2":"type-product","3":"status-publish","4":"has-post-thumbnail","6":"product_cat-tennarmband-i-lager","7":"product_tag-farsdag","8":"product_tag-samearmband","9":"product_tag-studentpresent","10":"product_shipping_class-tennarmband","11":"pa_farg-bla","12":"pa_farg-ljusbrun","13":"pa_farg-morkbrun","14":"pa_farg-rod","15":"pa_farg-svart","16":"pa_shipping-time-produkten-finns-i-butiken-skickas-inom-1-3-arbetsdagar","17":"pa_storlek-cm-66","18":"pa_storlek-cm-71","19":"pa_storlek-cm-73","20":"pa_storlek-cm-76","21":"pa_storlek-cm-77","23":"first","24":"instock","25":"taxable","26":"shipping-taxable","27":"purchasable","28":"product-type-variable","29":"entry","30":"content-bg","31":"loop-entry"},"bundled_by":[],"bundle_stock_status":"instock","bundle_stock_quantity":null,"bundle_virtual":false,"bundle_layout":"","bundle_add_to_cart_form_location":"","bundle_editable_in_cart":false,"bundle_sold_individually_context":"","bundle_item_grouping":"","bundle_min_size":"","bundle_max_size":"","bundled_items":[],"bundle_sell_ids":[],"acf":[],"featured_image_src_large":["https:\/\/www.shopinlapland.com\/wp-content\/uploads\/2020\/06\/44-04DB.jpg",570,570,false],"author_info":[],"comment_info":0,"taxonomy_info":{"product_cat":[{"value":603,"label":"Tennarmband i lager - Snabb leverans"}],"product_tag":[{"value":353,"label":"Farsdag"},{"value":92,"label":"Samearmband"},{"value":342,"label":"Studentpresent"}],"pa_farg":[{"value":60,"label":"Bl\u00e5"},{"value":79,"label":"Ljusbrun"},{"value":93,"label":"M\u00f6rkbrun"},{"value":61,"label":"R\u00f6d"},{"value":62,"label":"Svart"}],"pa_shipping-time":[{"value":65,"label":"Produkten finns i lager, skickas inom 1-3 arbetsdagar."}],"pa_storlek-cm":[{"value":66,"label":"16"},{"value":71,"label":"18,5"},{"value":73,"label":"19,5"},{"value":76,"label":"21"},{"value":77,"label":"21,5"}]},"_links":{"self":[{"href":"https:\/\/www.shopinlapland.com\/en\/wp-json\/wp\/v2\/product\/75307","targetHints":{"allow":["GET"]}}],"collection":[{"href":"https:\/\/www.shopinlapland.com\/en\/wp-json\/wp\/v2\/product"}],"about":[{"href":"https:\/\/www.shopinlapland.com\/en\/wp-json\/wp\/v2\/types\/product"}],"replies":[{"embeddable":true,"href":"https:\/\/www.shopinlapland.com\/en\/wp-json\/wp\/v2\/comments?post=75307"}],"wp:featuredmedia":[{"embeddable":true,"href":"https:\/\/www.shopinlapland.com\/en\/wp-json\/wp\/v2\/media\/134"}],"wp:attachment":[{"href":"https:\/\/www.shopinlapland.com\/en\/wp-json\/wp\/v2\/media?parent=75307"}],"wp:term":[{"taxonomy":"product_brand","embeddable":true,"href":"https:\/\/www.shopinlapland.com\/en\/wp-json\/wp\/v2\/product_brand?post=75307"},{"taxonomy":"product_cat","embeddable":true,"href":"https:\/\/www.shopinlapland.com\/en\/wp-json\/wp\/v2\/product_cat?post=75307"},{"taxonomy":"product_tag","embeddable":true,"href":"https:\/\/www.shopinlapland.com\/en\/wp-json\/wp\/v2\/product_tag?post=75307"}],"curies":[{"name":"wp","href":"https:\/\/api.w.org\/{rel}","templated":true}]}}