{"id":742,"date":"2025-09-09T00:00:00","date_gmt":"2025-09-08T22:00:00","guid":{"rendered":"https:\/\/staging.shopinlapland.com\/produkt\/tennarmband-laponia\/"},"modified":"2026-03-20T16:01:25","modified_gmt":"2026-03-20T15:01:25","slug":"tennarmband-laponia","status":"publish","type":"product","link":"https:\/\/www.shopinlapland.com\/en\/tennarmband-laponia\/","title":{"rendered":"Pewter Bracelet Laponia"},"content":{"rendered":"","protected":false},"excerpt":{"rendered":"<p>In the pewter bracelet Laponia, we have been inspired by the world heritage Laponia&#039;s nature and culture. The pewter bracelet has pewter braids made of high-quality pewter wire and in the middle a pewter braid with leather strap. These are sewn on vegetable tanned reindeer skin, width ~ 1.5 cm. Reindeer horn button and reinforced loop.<br \/>\nA craft from Norrbotten.<\/p>\n<p class=\"p1\"><b>NOTE!<br \/>\nFor the correct size, measure the circumference around your wrist as shown in the picture and then add 1.5 cm.<\/b><\/p>","protected":false},"featured_media":743,"comment_status":"open","ping_status":"closed","template":"","meta":{"_acf_changed":false,"_kad_blocks_custom_css":"","_kad_blocks_head_custom_js":"","_kad_blocks_body_custom_js":"","_kad_blocks_footer_custom_js":"","_kad_post_transparent":"default","_kad_post_title":"","_kad_post_layout":"default","_kad_post_sidebar_id":"","_kad_post_content_style":"default","_kad_post_vertical_padding":"default","_kad_post_feature":"","_kad_post_feature_position":"","_kad_post_header":false,"_kad_post_footer":false,"_kad_post_classname":""},"product_brand":[],"product_cat":[16,578],"product_tag":[354,366,92],"class_list":{"0":"post-742","1":"product","2":"type-product","3":"status-publish","4":"has-post-thumbnail","6":"product_cat-tennarmband","7":"product_cat-tennarmband-mellanbreda","8":"product_tag-fodelsedagspresent","9":"product_tag-julklappstips","10":"product_tag-samearmband","11":"product_shipping_class-tennarmband","12":"pa_farg-ljusbrun","13":"pa_farg-morkbrun","14":"pa_farg-svart","15":"pa_shipping-time-produkten-tillverkas-efter-bestallning-skickas-inom-2-veckor","16":"pa_storlek-cm-66","17":"pa_storlek-cm-67","18":"pa_storlek-cm-68","19":"pa_storlek-cm-69","20":"pa_storlek-cm-70","21":"pa_storlek-cm-71","22":"pa_storlek-cm-72","23":"pa_storlek-cm-73","24":"pa_storlek-cm-74","25":"pa_storlek-cm-75","26":"pa_storlek-cm-76","27":"pa_storlek-cm-storre_storlek","29":"first","30":"instock","31":"taxable","32":"shipping-taxable","33":"purchasable","34":"product-type-variable","35":"entry","36":"content-bg","37":"loop-entry"},"bundled_by":[],"bundle_stock_status":"instock","bundle_stock_quantity":null,"bundle_virtual":false,"bundle_layout":"","bundle_add_to_cart_form_location":"","bundle_editable_in_cart":false,"bundle_sold_individually_context":"","bundle_item_grouping":"","bundle_min_size":"","bundle_max_size":"","bundled_items":[],"bundle_sell_ids":[],"acf":[],"featured_image_src_large":["https:\/\/www.shopinlapland.com\/wp-content\/uploads\/2020\/06\/IMG_6652-e1589878904783.jpg",800,800,false],"author_info":[],"comment_info":0,"taxonomy_info":{"product_cat":[{"value":16,"label":"Tennarmband"},{"value":578,"label":"Lite bredare tennarmband 1,2-1,9 cm"}],"product_tag":[{"value":354,"label":"f\u00f6delsedagspresent"},{"value":366,"label":"Julklappstips"},{"value":92,"label":"Samearmband"}],"pa_farg":[{"value":79,"label":"Ljusbrun"},{"value":93,"label":"M\u00f6rkbrun"},{"value":62,"label":"Svart"}],"pa_shipping-time":[{"value":80,"label":"Produkten tillverkas efter best\u00e4llning, skickas inom tv\u00e5 veckor."}],"pa_storlek-cm":[{"value":66,"label":"16"},{"value":67,"label":"16,5"},{"value":68,"label":"17"},{"value":69,"label":"17,5"},{"value":70,"label":"18"},{"value":71,"label":"18,5"},{"value":72,"label":"19"},{"value":73,"label":"19,5"},{"value":74,"label":"20"},{"value":75,"label":"20,5"},{"value":76,"label":"21"},{"value":605,"label":"St\u00f6rre storlek"}]},"_links":{"self":[{"href":"https:\/\/www.shopinlapland.com\/en\/wp-json\/wp\/v2\/product\/742","targetHints":{"allow":["GET"]}}],"collection":[{"href":"https:\/\/www.shopinlapland.com\/en\/wp-json\/wp\/v2\/product"}],"about":[{"href":"https:\/\/www.shopinlapland.com\/en\/wp-json\/wp\/v2\/types\/product"}],"replies":[{"embeddable":true,"href":"https:\/\/www.shopinlapland.com\/en\/wp-json\/wp\/v2\/comments?post=742"}],"wp:featuredmedia":[{"embeddable":true,"href":"https:\/\/www.shopinlapland.com\/en\/wp-json\/wp\/v2\/media\/743"}],"wp:attachment":[{"href":"https:\/\/www.shopinlapland.com\/en\/wp-json\/wp\/v2\/media?parent=742"}],"wp:term":[{"taxonomy":"product_brand","embeddable":true,"href":"https:\/\/www.shopinlapland.com\/en\/wp-json\/wp\/v2\/product_brand?post=742"},{"taxonomy":"product_cat","embeddable":true,"href":"https:\/\/www.shopinlapland.com\/en\/wp-json\/wp\/v2\/product_cat?post=742"},{"taxonomy":"product_tag","embeddable":true,"href":"https:\/\/www.shopinlapland.com\/en\/wp-json\/wp\/v2\/product_tag?post=742"}],"curies":[{"name":"wp","href":"https:\/\/api.w.org\/{rel}","templated":true}]}}