{"id":74098,"date":"2025-12-28T20:58:54","date_gmt":"2025-12-28T19:58:54","guid":{"rendered":"https:\/\/www.shopinlapland.com\/?post_type=product&#038;p=74098"},"modified":"2026-05-04T20:31:29","modified_gmt":"2026-05-04T18:31:29","slug":"nackros-silverorhangen-med-stift","status":"publish","type":"product","link":"https:\/\/www.shopinlapland.com\/en\/nackros-silverorhangen-med-stift\/","title":{"rendered":"Water lily \u2013 Silver earrings with studs"},"content":{"rendered":"","protected":false},"excerpt":{"rendered":"<p>Silver stud earrings. The earrings are inspired by the floating water lily petals on a calm summer lake. Timeless jewelry with a Nordic aesthetic.<\/p>\n<p>925 sterling silver, nickel free, a craft from Finnish Lapland.<\/p>\n<p>Earring size: 10 mm x 8 mm<\/p>","protected":false},"featured_media":73571,"comment_status":"open","ping_status":"closed","template":"","meta":{"_acf_changed":false,"_kad_blocks_custom_css":"","_kad_blocks_head_custom_js":"","_kad_blocks_body_custom_js":"","_kad_blocks_footer_custom_js":"","_kad_post_transparent":"default","_kad_post_title":"","_kad_post_layout":"default","_kad_post_sidebar_id":"","_kad_post_content_style":"default","_kad_post_vertical_padding":"default","_kad_post_feature":"","_kad_post_feature_position":"","_kad_post_header":false,"_kad_post_footer":false,"_kad_post_classname":""},"product_brand":[],"product_cat":[582,333,30,34,581,17],"product_tag":[375,366,341],"class_list":{"0":"post-74098","1":"product","2":"type-product","3":"status-publish","4":"has-post-thumbnail","6":"product_cat-blommor","7":"product_cat-karlek","8":"product_cat-nyheter","9":"product_cat-orhangen","10":"product_cat-orhangen-med-stift","11":"product_cat-smycken","12":"product_tag-alla-hjartansdag","13":"product_tag-julklappstips","14":"product_tag-morsdagspresent","15":"product_shipping_class-brev","16":"pa_shipping-time-produkten-finns-i-butiken-skickas-inom-1-3-arbetsdagar","18":"first","19":"instock","20":"taxable","21":"shipping-taxable","22":"purchasable","23":"product-type-simple","24":"entry","25":"content-bg","26":"loop-entry"},"bundled_by":[],"bundle_stock_status":"instock","bundle_stock_quantity":2,"bundle_virtual":false,"bundle_layout":"","bundle_add_to_cart_form_location":"","bundle_editable_in_cart":false,"bundle_sold_individually_context":"","bundle_item_grouping":"","bundle_min_size":"","bundle_max_size":"","bundled_items":[],"bundle_sell_ids":[],"acf":[],"featured_image_src_large":["https:\/\/www.shopinlapland.com\/wp-content\/uploads\/2025\/12\/Orhangen_2511_3_Nackros.jpg",1000,1000,false],"author_info":[],"comment_info":0,"taxonomy_info":{"product_cat":[{"value":582,"label":"Blommor och b\u00e4r"},{"value":333,"label":"K\u00e4rlek"},{"value":30,"label":"Nyheter"},{"value":34,"label":"\u00d6rh\u00e4ngen"},{"value":581,"label":"\u00d6rh\u00e4ngen med stift"},{"value":17,"label":"Smycken"}],"product_tag":[{"value":375,"label":"alla hj\u00e4rtansdag"},{"value":366,"label":"Julklappstips"},{"value":341,"label":"Morsdagspresent"}],"pa_shipping-time":[{"value":65,"label":"Produkten finns i lager, skickas inom 1-3 arbetsdagar."}]},"_links":{"self":[{"href":"https:\/\/www.shopinlapland.com\/en\/wp-json\/wp\/v2\/product\/74098","targetHints":{"allow":["GET"]}}],"collection":[{"href":"https:\/\/www.shopinlapland.com\/en\/wp-json\/wp\/v2\/product"}],"about":[{"href":"https:\/\/www.shopinlapland.com\/en\/wp-json\/wp\/v2\/types\/product"}],"replies":[{"embeddable":true,"href":"https:\/\/www.shopinlapland.com\/en\/wp-json\/wp\/v2\/comments?post=74098"}],"wp:featuredmedia":[{"embeddable":true,"href":"https:\/\/www.shopinlapland.com\/en\/wp-json\/wp\/v2\/media\/73571"}],"wp:attachment":[{"href":"https:\/\/www.shopinlapland.com\/en\/wp-json\/wp\/v2\/media?parent=74098"}],"wp:term":[{"taxonomy":"product_brand","embeddable":true,"href":"https:\/\/www.shopinlapland.com\/en\/wp-json\/wp\/v2\/product_brand?post=74098"},{"taxonomy":"product_cat","embeddable":true,"href":"https:\/\/www.shopinlapland.com\/en\/wp-json\/wp\/v2\/product_cat?post=74098"},{"taxonomy":"product_tag","embeddable":true,"href":"https:\/\/www.shopinlapland.com\/en\/wp-json\/wp\/v2\/product_tag?post=74098"}],"curies":[{"name":"wp","href":"https:\/\/api.w.org\/{rel}","templated":true}]}}