{"id":72851,"date":"2025-11-21T14:53:18","date_gmt":"2025-11-21T13:53:18","guid":{"rendered":"https:\/\/www.shopinlapland.com\/?post_type=product&#038;p=72851"},"modified":"2026-02-04T14:44:46","modified_gmt":"2026-02-04T13:44:46","slug":"atta-arstider-silverorhangen-med-krok","status":"publish","type":"product","link":"https:\/\/www.shopinlapland.com\/en\/atta-arstider-silverorhangen-med-krok\/","title":{"rendered":"Eight Seasons \u2013 Silver Earrings with Hook"},"content":{"rendered":"","protected":false},"excerpt":{"rendered":"<p>Silver earrings with <span class=\"Y2IQFc\" lang=\"sv\">geometric pattern. The pattern symbolizes an ice flower with eight loops, one for each season in the Sami culture, the people of the eight seasons. The ice flower has a frosted surface with polished edges.<br \/>\n<\/span><br \/>\nSold in pairs.<\/p>\n<p>Diameter: 13mm<br \/>\nThickness: 1.8mm<br \/>\nWeight: 1.3g<\/p>\n<p>A handicraft from Finland in 925 Sterling silver.<\/p>","protected":false},"featured_media":72837,"comment_status":"open","ping_status":"closed","template":"","meta":{"_acf_changed":false,"_kad_blocks_custom_css":"","_kad_blocks_head_custom_js":"","_kad_blocks_body_custom_js":"","_kad_blocks_footer_custom_js":"","_kad_post_transparent":"default","_kad_post_title":"","_kad_post_layout":"default","_kad_post_sidebar_id":"","_kad_post_content_style":"default","_kad_post_vertical_padding":"default","_kad_post_feature":"","_kad_post_feature_position":"","_kad_post_header":false,"_kad_post_footer":false,"_kad_post_classname":""},"product_brand":[],"product_cat":[30,34,580,17],"product_tag":[],"class_list":{"0":"post-72851","1":"product","2":"type-product","3":"status-publish","4":"has-post-thumbnail","6":"product_cat-nyheter","7":"product_cat-orhangen","8":"product_cat-orhangen-med-krok","9":"product_cat-smycken","10":"product_shipping_class-brev","11":"pa_shipping-time-produkten-finns-i-butiken-skickas-inom-1-3-arbetsdagar","13":"first","14":"instock","15":"taxable","16":"shipping-taxable","17":"purchasable","18":"product-type-simple","19":"entry","20":"content-bg","21":"loop-entry"},"bundled_by":[],"bundle_stock_status":"instock","bundle_stock_quantity":1,"bundle_virtual":false,"bundle_layout":"","bundle_add_to_cart_form_location":"","bundle_editable_in_cart":false,"bundle_sold_individually_context":"","bundle_item_grouping":"","bundle_min_size":"","bundle_max_size":"","bundled_items":[],"bundle_sell_ids":[],"acf":[],"featured_image_src_large":["https:\/\/www.shopinlapland.com\/wp-content\/uploads\/2025\/11\/Orhangen_2511_3_Atta_Arstider.jpg",1000,1000,false],"author_info":[],"comment_info":0,"taxonomy_info":{"product_cat":[{"value":30,"label":"Nyheter"},{"value":34,"label":"\u00d6rh\u00e4ngen"},{"value":580,"label":"\u00d6rh\u00e4ngen med krok"},{"value":17,"label":"Smycken"}],"pa_shipping-time":[{"value":65,"label":"Produkten finns i lager, skickas inom 1-3 arbetsdagar."}]},"_links":{"self":[{"href":"https:\/\/www.shopinlapland.com\/en\/wp-json\/wp\/v2\/product\/72851","targetHints":{"allow":["GET"]}}],"collection":[{"href":"https:\/\/www.shopinlapland.com\/en\/wp-json\/wp\/v2\/product"}],"about":[{"href":"https:\/\/www.shopinlapland.com\/en\/wp-json\/wp\/v2\/types\/product"}],"replies":[{"embeddable":true,"href":"https:\/\/www.shopinlapland.com\/en\/wp-json\/wp\/v2\/comments?post=72851"}],"wp:featuredmedia":[{"embeddable":true,"href":"https:\/\/www.shopinlapland.com\/en\/wp-json\/wp\/v2\/media\/72837"}],"wp:attachment":[{"href":"https:\/\/www.shopinlapland.com\/en\/wp-json\/wp\/v2\/media?parent=72851"}],"wp:term":[{"taxonomy":"product_brand","embeddable":true,"href":"https:\/\/www.shopinlapland.com\/en\/wp-json\/wp\/v2\/product_brand?post=72851"},{"taxonomy":"product_cat","embeddable":true,"href":"https:\/\/www.shopinlapland.com\/en\/wp-json\/wp\/v2\/product_cat?post=72851"},{"taxonomy":"product_tag","embeddable":true,"href":"https:\/\/www.shopinlapland.com\/en\/wp-json\/wp\/v2\/product_tag?post=72851"}],"curies":[{"name":"wp","href":"https:\/\/api.w.org\/{rel}","templated":true}]}}