{"id":67903,"date":"2025-08-04T11:26:09","date_gmt":"2025-08-04T09:26:09","guid":{"rendered":"https:\/\/www.shopinlapland.com\/?post_type=product&#038;p=67903"},"modified":"2026-03-20T14:44:35","modified_gmt":"2026-03-20T13:44:35","slug":"tennarmband-midvinter-svart","status":"publish","type":"product","link":"https:\/\/www.shopinlapland.com\/en\/tennarmband-midvinter-svart\/","title":{"rendered":"Pewter Bracelet Midwinter Black"},"content":{"rendered":"","protected":false},"excerpt":{"rendered":"<p>The Midwinter pewter bracelet. A wide pewter bracelet on black vegetable tanned reindeer leather.<\/p>\n<p>Reindeer horn button. Width approximately 2.5 cm.<\/p>\n<p>A craft from Norrbotten.<\/p>\n<p class=\"p1\"><b>NOTE!<br \/>\nFor the correct size, measure the circumference around your wrist as shown in the picture and then add 1.5 cm.<\/b><\/p>","protected":false},"featured_media":67917,"comment_status":"open","ping_status":"closed","template":"","meta":{"_acf_changed":false,"_kad_blocks_custom_css":"","_kad_blocks_head_custom_js":"","_kad_blocks_body_custom_js":"","_kad_blocks_footer_custom_js":"","_kad_post_transparent":"default","_kad_post_title":"","_kad_post_layout":"default","_kad_post_sidebar_id":"","_kad_post_content_style":"default","_kad_post_vertical_padding":"default","_kad_post_feature":"","_kad_post_feature_position":"","_kad_post_header":false,"_kad_post_footer":false,"_kad_post_classname":""},"product_brand":[],"product_cat":[36,16],"product_tag":[101],"class_list":{"0":"post-67903","1":"product","2":"type-product","3":"status-publish","4":"has-post-thumbnail","6":"product_cat-breda-tennarmband","7":"product_cat-tennarmband","8":"product_tag-tenntradsarmband","9":"product_shipping_class-tennarmband","10":"pa_shipping-time-produkten-tillverkas-efter-bestallning-skickas-inom-2-veckor","11":"pa_storlek-cm-66","12":"pa_storlek-cm-67","13":"pa_storlek-cm-68","14":"pa_storlek-cm-69","15":"pa_storlek-cm-70","16":"pa_storlek-cm-71","17":"pa_storlek-cm-72","18":"pa_storlek-cm-73","19":"pa_storlek-cm-74","20":"pa_storlek-cm-75","21":"pa_storlek-cm-76","22":"pa_storlek-cm-storre_storlek","24":"first","25":"instock","26":"taxable","27":"shipping-taxable","28":"purchasable","29":"product-type-variable","30":"entry","31":"content-bg","32":"loop-entry"},"bundled_by":[],"bundle_stock_status":"instock","bundle_stock_quantity":null,"bundle_virtual":false,"bundle_layout":"","bundle_add_to_cart_form_location":"","bundle_editable_in_cart":false,"bundle_sold_individually_context":"","bundle_item_grouping":"","bundle_min_size":"","bundle_max_size":"","bundled_items":[],"bundle_sell_ids":[],"acf":[],"featured_image_src_large":["https:\/\/www.shopinlapland.com\/wp-content\/uploads\/2025\/01\/Midvinter_svart_800.jpg",800,800,false],"author_info":[],"comment_info":0,"taxonomy_info":{"product_cat":[{"value":36,"label":"Breda tennarmband - \u00f6ver 1,9 cm"},{"value":16,"label":"Tennarmband"}],"product_tag":[{"value":101,"label":"Tenntr\u00e5dsarmband"}],"pa_shipping-time":[{"value":80,"label":"Produkten tillverkas efter best\u00e4llning, skickas inom tv\u00e5 veckor."}],"pa_storlek-cm":[{"value":66,"label":"16"},{"value":67,"label":"16,5"},{"value":68,"label":"17"},{"value":69,"label":"17,5"},{"value":70,"label":"18"},{"value":71,"label":"18,5"},{"value":72,"label":"19"},{"value":73,"label":"19,5"},{"value":74,"label":"20"},{"value":75,"label":"20,5"},{"value":76,"label":"21"},{"value":605,"label":"St\u00f6rre storlek"}]},"_links":{"self":[{"href":"https:\/\/www.shopinlapland.com\/en\/wp-json\/wp\/v2\/product\/67903","targetHints":{"allow":["GET"]}}],"collection":[{"href":"https:\/\/www.shopinlapland.com\/en\/wp-json\/wp\/v2\/product"}],"about":[{"href":"https:\/\/www.shopinlapland.com\/en\/wp-json\/wp\/v2\/types\/product"}],"replies":[{"embeddable":true,"href":"https:\/\/www.shopinlapland.com\/en\/wp-json\/wp\/v2\/comments?post=67903"}],"wp:featuredmedia":[{"embeddable":true,"href":"https:\/\/www.shopinlapland.com\/en\/wp-json\/wp\/v2\/media\/67917"}],"wp:attachment":[{"href":"https:\/\/www.shopinlapland.com\/en\/wp-json\/wp\/v2\/media?parent=67903"}],"wp:term":[{"taxonomy":"product_brand","embeddable":true,"href":"https:\/\/www.shopinlapland.com\/en\/wp-json\/wp\/v2\/product_brand?post=67903"},{"taxonomy":"product_cat","embeddable":true,"href":"https:\/\/www.shopinlapland.com\/en\/wp-json\/wp\/v2\/product_cat?post=67903"},{"taxonomy":"product_tag","embeddable":true,"href":"https:\/\/www.shopinlapland.com\/en\/wp-json\/wp\/v2\/product_tag?post=67903"}],"curies":[{"name":"wp","href":"https:\/\/api.w.org\/{rel}","templated":true}]}}