{"id":53414,"date":"2025-08-22T21:47:00","date_gmt":"2025-08-22T19:47:00","guid":{"rendered":"https:\/\/www.shopinlapland.com\/?post_type=product&#038;p=53414"},"modified":"2026-05-04T15:12:43","modified_gmt":"2026-05-04T13:12:43","slug":"silverorhangen-polcirkeln-med-stift-1-par","status":"publish","type":"product","link":"https:\/\/www.shopinlapland.com\/en\/silverorhangen-polcirkeln-med-stift-1-par\/","title":{"rendered":"Sk\u00e5vva \u2013 Silver Earrings with Hook"},"content":{"rendered":"","protected":false},"excerpt":{"rendered":"<p>Silver earrings Sk\u00e5vva with hook.<\/p>\n<p>Sk\u00e5vva is Sami and means the rustle of wind or the roar of water.<\/p>\n<p>Diameter approximately 11 mm.<\/p>\n<p>A craft from Lapland in 925 sterling silver.<\/p>","protected":false},"featured_media":71762,"comment_status":"open","ping_status":"closed","template":"","meta":{"_acf_changed":false,"_kad_blocks_custom_css":"","_kad_blocks_head_custom_js":"","_kad_blocks_body_custom_js":"","_kad_blocks_footer_custom_js":"","_kad_post_transparent":"default","_kad_post_title":"","_kad_post_layout":"default","_kad_post_sidebar_id":"","_kad_post_content_style":"default","_kad_post_vertical_padding":"default","_kad_post_feature":"","_kad_post_feature_position":"","_kad_post_header":false,"_kad_post_footer":false,"_kad_post_classname":""},"product_brand":[],"product_cat":[34,580,17],"product_tag":[102],"class_list":{"0":"post-53414","1":"product","2":"type-product","3":"status-publish","4":"has-post-thumbnail","6":"product_cat-orhangen","7":"product_cat-orhangen-med-krok","8":"product_cat-smycken","9":"product_tag-jokkmokks-tenn","10":"product_shipping_class-brev","11":"pa_shipping-time-produkten-finns-i-butiken-skickas-inom-1-3-arbetsdagar","13":"first","14":"instock","15":"taxable","16":"shipping-taxable","17":"purchasable","18":"product-type-simple","19":"entry","20":"content-bg","21":"loop-entry"},"bundled_by":[],"bundle_stock_status":"instock","bundle_stock_quantity":2,"bundle_virtual":false,"bundle_layout":"","bundle_add_to_cart_form_location":"","bundle_editable_in_cart":false,"bundle_sold_individually_context":"","bundle_item_grouping":"","bundle_min_size":"","bundle_max_size":"","bundled_items":[],"bundle_sell_ids":[],"acf":[],"featured_image_src_large":["https:\/\/www.shopinlapland.com\/wp-content\/uploads\/2025\/09\/Orhangen_2509_3_Ska\u030avva.jpg",800,800,false],"author_info":[],"comment_info":0,"taxonomy_info":{"product_cat":[{"value":34,"label":"\u00d6rh\u00e4ngen"},{"value":580,"label":"\u00d6rh\u00e4ngen med krok"},{"value":17,"label":"Smycken"}],"product_tag":[{"value":102,"label":"Jokkmokks Tenn"}],"pa_shipping-time":[{"value":65,"label":"Produkten finns i lager, skickas inom 1-3 arbetsdagar."}]},"_links":{"self":[{"href":"https:\/\/www.shopinlapland.com\/en\/wp-json\/wp\/v2\/product\/53414","targetHints":{"allow":["GET"]}}],"collection":[{"href":"https:\/\/www.shopinlapland.com\/en\/wp-json\/wp\/v2\/product"}],"about":[{"href":"https:\/\/www.shopinlapland.com\/en\/wp-json\/wp\/v2\/types\/product"}],"replies":[{"embeddable":true,"href":"https:\/\/www.shopinlapland.com\/en\/wp-json\/wp\/v2\/comments?post=53414"}],"wp:featuredmedia":[{"embeddable":true,"href":"https:\/\/www.shopinlapland.com\/en\/wp-json\/wp\/v2\/media\/71762"}],"wp:attachment":[{"href":"https:\/\/www.shopinlapland.com\/en\/wp-json\/wp\/v2\/media?parent=53414"}],"wp:term":[{"taxonomy":"product_brand","embeddable":true,"href":"https:\/\/www.shopinlapland.com\/en\/wp-json\/wp\/v2\/product_brand?post=53414"},{"taxonomy":"product_cat","embeddable":true,"href":"https:\/\/www.shopinlapland.com\/en\/wp-json\/wp\/v2\/product_cat?post=53414"},{"taxonomy":"product_tag","embeddable":true,"href":"https:\/\/www.shopinlapland.com\/en\/wp-json\/wp\/v2\/product_tag?post=53414"}],"curies":[{"name":"wp","href":"https:\/\/api.w.org\/{rel}","templated":true}]}}