{"id":40989,"date":"2021-05-16T11:24:47","date_gmt":"2021-05-16T09:24:47","guid":{"rendered":"https:\/\/www.shopinlapland.com\/?post_type=product&#038;p=40989"},"modified":"2026-04-28T19:38:18","modified_gmt":"2026-04-28T17:38:18","slug":"barnkasa","status":"publish","type":"product","link":"https:\/\/www.shopinlapland.com\/en\/barnkasa\/","title":{"rendered":"Kuksa for Chilldren about 1 dl"},"content":{"rendered":"","protected":false},"excerpt":{"rendered":"<p>Small wooden hut in birch bark suitable for children on forest or mountain trips, alternatively as a hut at kindergarten.<\/p>\n<p>The box has a leather strap and can be hung in the belt or on the backpack so that it is close at hand. The cup is impregnated with strong coffee for a nice color and luster, it is also treated with paraffin oil so that the cup does not dry out. Holds about 1 dl.<\/p>\n<p>The cup should only be rinsed off with lukewarm water. DO NOT use detergent. If necessary, lubricate with paraffin oil.<\/p>","protected":false},"featured_media":57603,"comment_status":"open","ping_status":"closed","template":"","meta":{"_acf_changed":false,"_kad_blocks_custom_css":"","_kad_blocks_head_custom_js":"","_kad_blocks_body_custom_js":"","_kad_blocks_footer_custom_js":"","_kad_post_transparent":"default","_kad_post_title":"","_kad_post_layout":"default","_kad_post_sidebar_id":"","_kad_post_content_style":"default","_kad_post_vertical_padding":"default","_kad_post_feature":"","_kad_post_feature_position":"","_kad_post_header":false,"_kad_post_footer":false,"_kad_post_classname":""},"product_brand":[],"product_cat":[29,22,49,26],"product_tag":[169,306],"class_list":{"0":"post-40989","1":"product","2":"type-product","3":"status-publish","4":"has-post-thumbnail","6":"product_cat-friluftslivet","7":"product_cat-heminredning","8":"product_cat-trakasor","9":"product_cat-kok-och-dukning","10":"product_tag-doppresent","11":"product_tag-handgravyr","12":"product_shipping_class-stort-brev","13":"pa_shipping-time-produkten-finns-i-butiken-skickas-inom-1-3-arbetsdagar","15":"first","16":"instock","17":"taxable","18":"shipping-taxable","19":"purchasable","20":"product-type-simple","21":"entry","22":"content-bg","23":"loop-entry"},"bundled_by":[],"bundle_stock_status":"instock","bundle_stock_quantity":40,"bundle_virtual":false,"bundle_layout":"","bundle_add_to_cart_form_location":"","bundle_editable_in_cart":false,"bundle_sold_individually_context":"","bundle_item_grouping":"","bundle_min_size":"","bundle_max_size":"","bundled_items":[],"bundle_sell_ids":[],"acf":[],"featured_image_src_large":["https:\/\/www.shopinlapland.com\/wp-content\/uploads\/2021\/05\/barnkasa_masur_gravyr-1024x1024.jpg",1024,1024,true],"author_info":[],"comment_info":0,"taxonomy_info":{"product_cat":[{"value":29,"label":"Friluftslivet"},{"value":22,"label":"Heminredning"},{"value":49,"label":"K\u00e5sor i tr\u00e4"},{"value":26,"label":"K\u00f6k &amp; Dukning"}],"product_tag":[{"value":169,"label":"Doppresent"},{"value":306,"label":"Handgravyr"}],"pa_shipping-time":[{"value":65,"label":"Produkten finns i lager, skickas inom 1-3 arbetsdagar."}]},"_links":{"self":[{"href":"https:\/\/www.shopinlapland.com\/en\/wp-json\/wp\/v2\/product\/40989","targetHints":{"allow":["GET"]}}],"collection":[{"href":"https:\/\/www.shopinlapland.com\/en\/wp-json\/wp\/v2\/product"}],"about":[{"href":"https:\/\/www.shopinlapland.com\/en\/wp-json\/wp\/v2\/types\/product"}],"replies":[{"embeddable":true,"href":"https:\/\/www.shopinlapland.com\/en\/wp-json\/wp\/v2\/comments?post=40989"}],"wp:featuredmedia":[{"embeddable":true,"href":"https:\/\/www.shopinlapland.com\/en\/wp-json\/wp\/v2\/media\/57603"}],"wp:attachment":[{"href":"https:\/\/www.shopinlapland.com\/en\/wp-json\/wp\/v2\/media?parent=40989"}],"wp:term":[{"taxonomy":"product_brand","embeddable":true,"href":"https:\/\/www.shopinlapland.com\/en\/wp-json\/wp\/v2\/product_brand?post=40989"},{"taxonomy":"product_cat","embeddable":true,"href":"https:\/\/www.shopinlapland.com\/en\/wp-json\/wp\/v2\/product_cat?post=40989"},{"taxonomy":"product_tag","embeddable":true,"href":"https:\/\/www.shopinlapland.com\/en\/wp-json\/wp\/v2\/product_tag?post=40989"}],"curies":[{"name":"wp","href":"https:\/\/api.w.org\/{rel}","templated":true}]}}