{"id":32842,"date":"2021-03-04T10:13:06","date_gmt":"2021-03-04T09:13:06","guid":{"rendered":"https:\/\/www.shopinlapland.com\/?post_type=product&#038;p=32842"},"modified":"2026-04-15T11:00:01","modified_gmt":"2026-04-15T09:00:01","slug":"storforsen-silverring","status":"publish","type":"product","link":"https:\/\/www.shopinlapland.com\/en\/storforsen-silverring\/","title":{"rendered":"Storforsen \u2013 Silver Ring"},"content":{"rendered":"","protected":false},"excerpt":{"rendered":"<p>Stylish adjustable silver ring, fits finger size 17-20 mm.<\/p>\n<p>The shape symbolizes Storforsen, which is part of the Pite\u00e4lven river and Europe&#039;s largest unbounded rapids.<\/p>\n<p>A craft from Norrbotten.<\/p>\n<p>Made of 925 silver.<\/p>\n<p>The collection includes a ring, necklace and earrings.<\/p>\n<p>&nbsp;<\/p>","protected":false},"featured_media":71416,"comment_status":"open","ping_status":"closed","template":"","meta":{"_acf_changed":false,"_kad_blocks_custom_css":"","_kad_blocks_head_custom_js":"","_kad_blocks_body_custom_js":"","_kad_blocks_footer_custom_js":"","_kad_post_transparent":"default","_kad_post_title":"","_kad_post_layout":"default","_kad_post_sidebar_id":"","_kad_post_content_style":"default","_kad_post_vertical_padding":"default","_kad_post_feature":"","_kad_post_feature_position":"","_kad_post_header":false,"_kad_post_footer":false,"_kad_post_classname":""},"product_brand":[],"product_cat":[17,326,32,554],"product_tag":[161,102],"class_list":{"0":"post-32842","1":"product","2":"type-product","3":"status-publish","4":"has-post-thumbnail","6":"product_cat-smycken","7":"product_cat-storforsen","8":"product_cat-ringar","9":"product_cat-oppna-ringar-nagot-reglerbara","10":"product_tag-hantverk-fran-norrbotten","11":"product_tag-jokkmokks-tenn","12":"product_shipping_class-brev","13":"pa_shipping-time-produkten-finns-i-butiken-skickas-inom-1-3-arbetsdagar","15":"first","16":"instock","17":"taxable","18":"shipping-taxable","19":"purchasable","20":"product-type-simple","21":"entry","22":"content-bg","23":"loop-entry"},"bundled_by":[],"bundle_stock_status":"instock","bundle_stock_quantity":6,"bundle_virtual":false,"bundle_layout":"","bundle_add_to_cart_form_location":"","bundle_editable_in_cart":false,"bundle_sold_individually_context":"","bundle_item_grouping":"","bundle_min_size":"","bundle_max_size":"","bundled_items":[],"bundle_sell_ids":[],"acf":[],"featured_image_src_large":["https:\/\/www.shopinlapland.com\/wp-content\/uploads\/2025\/09\/Ringar_2508_new1_Storforsen1.jpg",800,800,false],"author_info":[],"comment_info":0,"taxonomy_info":{"product_cat":[{"value":17,"label":"Smycken"},{"value":326,"label":"Storforsen"},{"value":32,"label":"Ringar"},{"value":554,"label":"\u00d6ppna ringar - n\u00e5got reglerbara"}],"product_tag":[{"value":161,"label":"Hantverk fr\u00e5n Norrbotten"},{"value":102,"label":"Jokkmokks Tenn"}],"pa_shipping-time":[{"value":65,"label":"Produkten finns i lager, skickas inom 1-3 arbetsdagar."}]},"_links":{"self":[{"href":"https:\/\/www.shopinlapland.com\/en\/wp-json\/wp\/v2\/product\/32842","targetHints":{"allow":["GET"]}}],"collection":[{"href":"https:\/\/www.shopinlapland.com\/en\/wp-json\/wp\/v2\/product"}],"about":[{"href":"https:\/\/www.shopinlapland.com\/en\/wp-json\/wp\/v2\/types\/product"}],"replies":[{"embeddable":true,"href":"https:\/\/www.shopinlapland.com\/en\/wp-json\/wp\/v2\/comments?post=32842"}],"wp:featuredmedia":[{"embeddable":true,"href":"https:\/\/www.shopinlapland.com\/en\/wp-json\/wp\/v2\/media\/71416"}],"wp:attachment":[{"href":"https:\/\/www.shopinlapland.com\/en\/wp-json\/wp\/v2\/media?parent=32842"}],"wp:term":[{"taxonomy":"product_brand","embeddable":true,"href":"https:\/\/www.shopinlapland.com\/en\/wp-json\/wp\/v2\/product_brand?post=32842"},{"taxonomy":"product_cat","embeddable":true,"href":"https:\/\/www.shopinlapland.com\/en\/wp-json\/wp\/v2\/product_cat?post=32842"},{"taxonomy":"product_tag","embeddable":true,"href":"https:\/\/www.shopinlapland.com\/en\/wp-json\/wp\/v2\/product_tag?post=32842"}],"curies":[{"name":"wp","href":"https:\/\/api.w.org\/{rel}","templated":true}]}}