{"id":3034,"date":"2025-09-21T00:00:00","date_gmt":"2025-09-20T22:00:00","guid":{"rendered":"https:\/\/staging.shopinlapland.com\/produkt\/norrbottensorhangen\/"},"modified":"2026-04-15T15:58:40","modified_gmt":"2026-04-15T13:58:40","slug":"norrbottensorhangen","status":"publish","type":"product","link":"https:\/\/www.shopinlapland.com\/en\/norrbottensorhangen\/","title":{"rendered":"Norrbotten Earrings \u2013 Silver Earrings"},"content":{"rendered":"<p>The pattern in the Norrbotten jewelery is said to have been created by the goldsmith Johan Olof Degerman, born in 1808. This type of pattern was common on jewelery from Norrbotten during the 18th and 19th centuries.<br \/>\nPerhaps it was the peasant painting in Tornedalen and its flower-rich meadows that inspired Degerman, who was active in Lule\u00e5 and Haparanda until his death in 1882.<br \/>\nThe Norrbotten collection is available with us in two different wide silver rings, as necklaces in silver and gold and as earrings.<\/p>","protected":false},"excerpt":{"rendered":"<p>Silver earrings belonging to the Norrbotten collection. Two small silver hearts with hook. To wear alone or together with the Norrbottens ring and\/or the Norrbottens necklace.<\/p>\n<p>925 Sterling silver, nickel free.<\/p>\n<p>A craft from Norrbotten.<\/p>","protected":false},"featured_media":71770,"comment_status":"open","ping_status":"closed","template":"","meta":{"_acf_changed":false,"_kad_blocks_custom_css":"","_kad_blocks_head_custom_js":"","_kad_blocks_body_custom_js":"","_kad_blocks_footer_custom_js":"","_kad_post_transparent":"default","_kad_post_title":"","_kad_post_layout":"default","_kad_post_sidebar_id":"","_kad_post_content_style":"default","_kad_post_vertical_padding":"default","_kad_post_feature":"","_kad_post_feature_position":"","_kad_post_header":false,"_kad_post_footer":false,"_kad_post_classname":""},"product_brand":[],"product_cat":[333,52,34,580,17],"product_tag":[375,341],"class_list":{"0":"post-3034","1":"product","2":"type-product","3":"status-publish","4":"has-post-thumbnail","6":"product_cat-karlek","7":"product_cat-norrbottenssmycken","8":"product_cat-orhangen","9":"product_cat-orhangen-med-krok","10":"product_cat-smycken","11":"product_tag-alla-hjartansdag","12":"product_tag-morsdagspresent","13":"product_shipping_class-brev","14":"pa_shipping-time-produkten-finns-i-butiken-skickas-inom-1-3-arbetsdagar","16":"first","17":"instock","18":"taxable","19":"shipping-taxable","20":"purchasable","21":"product-type-simple","22":"entry","23":"content-bg","24":"loop-entry"},"bundled_by":[],"bundle_stock_status":"instock","bundle_stock_quantity":6,"bundle_virtual":false,"bundle_layout":"","bundle_add_to_cart_form_location":"","bundle_editable_in_cart":false,"bundle_sold_individually_context":"","bundle_item_grouping":"","bundle_min_size":"","bundle_max_size":"","bundled_items":[],"bundle_sell_ids":[],"acf":[],"featured_image_src_large":["https:\/\/www.shopinlapland.com\/wp-content\/uploads\/2025\/09\/Orhangen_2509_Norrbotten.jpg",800,800,false],"author_info":[],"comment_info":0,"taxonomy_info":{"product_cat":[{"value":333,"label":"K\u00e4rlek"},{"value":52,"label":"Norrbottenssmycken"},{"value":34,"label":"\u00d6rh\u00e4ngen"},{"value":580,"label":"\u00d6rh\u00e4ngen med krok"},{"value":17,"label":"Smycken"}],"product_tag":[{"value":375,"label":"alla hj\u00e4rtansdag"},{"value":341,"label":"Morsdagspresent"}],"pa_shipping-time":[{"value":65,"label":"Produkten finns i lager, skickas inom 1-3 arbetsdagar."}]},"_links":{"self":[{"href":"https:\/\/www.shopinlapland.com\/en\/wp-json\/wp\/v2\/product\/3034","targetHints":{"allow":["GET"]}}],"collection":[{"href":"https:\/\/www.shopinlapland.com\/en\/wp-json\/wp\/v2\/product"}],"about":[{"href":"https:\/\/www.shopinlapland.com\/en\/wp-json\/wp\/v2\/types\/product"}],"replies":[{"embeddable":true,"href":"https:\/\/www.shopinlapland.com\/en\/wp-json\/wp\/v2\/comments?post=3034"}],"wp:featuredmedia":[{"embeddable":true,"href":"https:\/\/www.shopinlapland.com\/en\/wp-json\/wp\/v2\/media\/71770"}],"wp:attachment":[{"href":"https:\/\/www.shopinlapland.com\/en\/wp-json\/wp\/v2\/media?parent=3034"}],"wp:term":[{"taxonomy":"product_brand","embeddable":true,"href":"https:\/\/www.shopinlapland.com\/en\/wp-json\/wp\/v2\/product_brand?post=3034"},{"taxonomy":"product_cat","embeddable":true,"href":"https:\/\/www.shopinlapland.com\/en\/wp-json\/wp\/v2\/product_cat?post=3034"},{"taxonomy":"product_tag","embeddable":true,"href":"https:\/\/www.shopinlapland.com\/en\/wp-json\/wp\/v2\/product_tag?post=3034"}],"curies":[{"name":"wp","href":"https:\/\/api.w.org\/{rel}","templated":true}]}}