{"id":2382,"date":"2018-12-21T00:00:00","date_gmt":"2018-12-20T23:00:00","guid":{"rendered":"https:\/\/staging.shopinlapland.com\/produkt\/hjortron-silverring\/"},"modified":"2026-04-15T11:00:01","modified_gmt":"2026-04-15T09:00:01","slug":"hjortron-silverring","status":"publish","type":"product","link":"https:\/\/www.shopinlapland.com\/en\/hjortron-silverring\/","title":{"rendered":"Cloudberry \u2013 Silver Ring"},"content":{"rendered":"","protected":false},"excerpt":{"rendered":"<p>Silver ring with a cloudberry.<br \/>\nOpen model, adjustable in size approximately between sizes 17-20.<\/p>\n<p>Cloudberry size approx. 7 \u00d7 8 mm<\/p>\n<p>925 silver. A craft from Norrbotten.<\/p>\n<p>Do you need help finding out your ring size, <a href=\"https:\/\/www.shopinlapland.com\/en\/blog\/forsta-hjalpen-for-att-bestamma-ringstorlek\/\">click here<\/a><\/p>","protected":false},"featured_media":71442,"comment_status":"open","ping_status":"closed","template":"","meta":{"_acf_changed":false,"_kad_blocks_custom_css":"","_kad_blocks_head_custom_js":"","_kad_blocks_body_custom_js":"","_kad_blocks_footer_custom_js":"","_kad_post_transparent":"default","_kad_post_title":"","_kad_post_layout":"default","_kad_post_sidebar_id":"","_kad_post_content_style":"default","_kad_post_vertical_padding":"default","_kad_post_feature":"","_kad_post_feature_position":"","_kad_post_header":false,"_kad_post_footer":false,"_kad_post_classname":""},"product_brand":[],"product_cat":[17,582,32,554],"product_tag":[102],"class_list":{"0":"post-2382","1":"product","2":"type-product","3":"status-publish","4":"has-post-thumbnail","6":"product_cat-smycken","7":"product_cat-blommor","8":"product_cat-ringar","9":"product_cat-oppna-ringar-nagot-reglerbara","10":"product_tag-jokkmokks-tenn","11":"product_shipping_class-brev","12":"pa_shipping-time-produkten-finns-i-butiken-skickas-inom-1-3-arbetsdagar","14":"first","15":"instock","16":"taxable","17":"shipping-taxable","18":"purchasable","19":"product-type-simple","20":"entry","21":"content-bg","22":"loop-entry"},"bundled_by":[],"bundle_stock_status":"instock","bundle_stock_quantity":3,"bundle_virtual":false,"bundle_layout":"","bundle_add_to_cart_form_location":"","bundle_editable_in_cart":false,"bundle_sold_individually_context":"","bundle_item_grouping":"","bundle_min_size":"","bundle_max_size":"","bundled_items":[],"bundle_sell_ids":[],"acf":[],"featured_image_src_large":["https:\/\/www.shopinlapland.com\/wp-content\/uploads\/2025\/09\/Ringar_2508_new6_Hjortron1.jpg",800,800,false],"author_info":[],"comment_info":1,"taxonomy_info":{"product_cat":[{"value":17,"label":"Smycken"},{"value":582,"label":"Blommor och b\u00e4r"},{"value":32,"label":"Ringar"},{"value":554,"label":"\u00d6ppna ringar - n\u00e5got reglerbara"}],"product_tag":[{"value":102,"label":"Jokkmokks Tenn"}],"pa_shipping-time":[{"value":65,"label":"Produkten finns i lager, skickas inom 1-3 arbetsdagar."}]},"_links":{"self":[{"href":"https:\/\/www.shopinlapland.com\/en\/wp-json\/wp\/v2\/product\/2382","targetHints":{"allow":["GET"]}}],"collection":[{"href":"https:\/\/www.shopinlapland.com\/en\/wp-json\/wp\/v2\/product"}],"about":[{"href":"https:\/\/www.shopinlapland.com\/en\/wp-json\/wp\/v2\/types\/product"}],"replies":[{"embeddable":true,"href":"https:\/\/www.shopinlapland.com\/en\/wp-json\/wp\/v2\/comments?post=2382"}],"wp:featuredmedia":[{"embeddable":true,"href":"https:\/\/www.shopinlapland.com\/en\/wp-json\/wp\/v2\/media\/71442"}],"wp:attachment":[{"href":"https:\/\/www.shopinlapland.com\/en\/wp-json\/wp\/v2\/media?parent=2382"}],"wp:term":[{"taxonomy":"product_brand","embeddable":true,"href":"https:\/\/www.shopinlapland.com\/en\/wp-json\/wp\/v2\/product_brand?post=2382"},{"taxonomy":"product_cat","embeddable":true,"href":"https:\/\/www.shopinlapland.com\/en\/wp-json\/wp\/v2\/product_cat?post=2382"},{"taxonomy":"product_tag","embeddable":true,"href":"https:\/\/www.shopinlapland.com\/en\/wp-json\/wp\/v2\/product_tag?post=2382"}],"curies":[{"name":"wp","href":"https:\/\/api.w.org\/{rel}","templated":true}]}}