{"id":2312,"date":"2018-11-21T00:00:00","date_gmt":"2018-11-20T23:00:00","guid":{"rendered":"https:\/\/staging.shopinlapland.com\/produkt\/silverring-snostjarna\/"},"modified":"2026-04-07T19:48:49","modified_gmt":"2026-04-07T17:48:49","slug":"silverring-snostjarna","status":"publish","type":"product","link":"https:\/\/www.shopinlapland.com\/en\/silverring-snostjarna\/","title":{"rendered":"Snow Star - Silver Ring"},"content":{"rendered":"","protected":false},"excerpt":{"rendered":"<p>Silver ring snow star, open model. Two sizes, slightly adjustable.<\/p>\n<p>The Sj\u00f6stj\u00e4rna collection is a tribute to all the countless six-pointed crystals that embed our northern end of the country in a white, soft blanket of snow every winter.<\/p>\n<p>A silver craft from Jokkmokk.<\/p>\n<p>Do you need help finding out your ring size, <a href=\"https:\/\/www.shopinlapland.com\/en\/blog\/forsta-hjalpen-for-att-bestamma-ringstorlek\/\">click here<\/a><\/p>","protected":false},"featured_media":71401,"comment_status":"open","ping_status":"closed","template":"","meta":{"_acf_changed":false,"_kad_blocks_custom_css":"","_kad_blocks_head_custom_js":"","_kad_blocks_body_custom_js":"","_kad_blocks_footer_custom_js":"","_kad_post_transparent":"default","_kad_post_title":"","_kad_post_layout":"default","_kad_post_sidebar_id":"","_kad_post_content_style":"default","_kad_post_vertical_padding":"default","_kad_post_feature":"","_kad_post_feature_position":"","_kad_post_header":false,"_kad_post_footer":false,"_kad_post_classname":""},"product_brand":[],"product_cat":[17,331,32,554],"product_tag":[375,102],"class_list":{"0":"post-2312","1":"product","2":"type-product","3":"status-publish","4":"has-post-thumbnail","6":"product_cat-smycken","7":"product_cat-snostjarna","8":"product_cat-ringar","9":"product_cat-oppna-ringar-nagot-reglerbara","10":"product_tag-alla-hjartansdag","11":"product_tag-jokkmokks-tenn","12":"product_shipping_class-brev","13":"pa_shipping-time-produkten-finns-i-butiken-skickas-inom-1-3-arbetsdagar","14":"pa_storlek-innermatt-ring-122","15":"pa_storlek-innermatt-ring-126","17":"first","18":"instock","19":"taxable","20":"shipping-taxable","21":"purchasable","22":"product-type-variable","23":"entry","24":"content-bg","25":"loop-entry"},"bundled_by":["72422"],"bundle_stock_status":"instock","bundle_stock_quantity":null,"bundle_virtual":false,"bundle_layout":"","bundle_add_to_cart_form_location":"","bundle_editable_in_cart":false,"bundle_sold_individually_context":"","bundle_item_grouping":"","bundle_min_size":"","bundle_max_size":"","bundled_items":[],"bundle_sell_ids":[],"acf":[],"featured_image_src_large":["https:\/\/www.shopinlapland.com\/wp-content\/uploads\/2025\/09\/Ringar_2508_new2_Snostjarna1.jpg",800,800,false],"author_info":[],"comment_info":0,"taxonomy_info":{"product_cat":[{"value":17,"label":"Smycken"},{"value":331,"label":"Sn\u00f6, frost, is"},{"value":32,"label":"Ringar"},{"value":554,"label":"\u00d6ppna ringar - n\u00e5got reglerbara"}],"product_tag":[{"value":375,"label":"alla hj\u00e4rtansdag"},{"value":102,"label":"Jokkmokks Tenn"}],"pa_shipping-time":[{"value":65,"label":"Produkten finns i lager, skickas inom 1-3 arbetsdagar."}],"pa_storlek-innermatt-ring":[{"value":122,"label":"17"},{"value":126,"label":"19"}]},"_links":{"self":[{"href":"https:\/\/www.shopinlapland.com\/en\/wp-json\/wp\/v2\/product\/2312","targetHints":{"allow":["GET"]}}],"collection":[{"href":"https:\/\/www.shopinlapland.com\/en\/wp-json\/wp\/v2\/product"}],"about":[{"href":"https:\/\/www.shopinlapland.com\/en\/wp-json\/wp\/v2\/types\/product"}],"replies":[{"embeddable":true,"href":"https:\/\/www.shopinlapland.com\/en\/wp-json\/wp\/v2\/comments?post=2312"}],"wp:featuredmedia":[{"embeddable":true,"href":"https:\/\/www.shopinlapland.com\/en\/wp-json\/wp\/v2\/media\/71401"}],"wp:attachment":[{"href":"https:\/\/www.shopinlapland.com\/en\/wp-json\/wp\/v2\/media?parent=2312"}],"wp:term":[{"taxonomy":"product_brand","embeddable":true,"href":"https:\/\/www.shopinlapland.com\/en\/wp-json\/wp\/v2\/product_brand?post=2312"},{"taxonomy":"product_cat","embeddable":true,"href":"https:\/\/www.shopinlapland.com\/en\/wp-json\/wp\/v2\/product_cat?post=2312"},{"taxonomy":"product_tag","embeddable":true,"href":"https:\/\/www.shopinlapland.com\/en\/wp-json\/wp\/v2\/product_tag?post=2312"}],"curies":[{"name":"wp","href":"https:\/\/api.w.org\/{rel}","templated":true}]}}