{"id":2247,"date":"2025-08-23T00:00:00","date_gmt":"2025-08-22T22:00:00","guid":{"rendered":"https:\/\/staging.shopinlapland.com\/produkt\/silverorhange-midnattssol\/"},"modified":"2026-05-04T15:12:42","modified_gmt":"2026-05-04T13:12:42","slug":"silverorhange-midnattssol","status":"publish","type":"product","link":"https:\/\/www.shopinlapland.com\/en\/silverorhange-midnattssol\/","title":{"rendered":"Midnight Sun \u2013 Silver Stud Earrings"},"content":{"rendered":"","protected":false},"excerpt":{"rendered":"<p>Midnight sun silver earrings. The long summer nights and the midnight sun have been a source of inspiration for these timeless earrings.<\/p>\n<p>Diameter 14 mm.<\/p>\n<p>A craft from Norrbotten.<\/p>","protected":false},"featured_media":71776,"comment_status":"open","ping_status":"closed","template":"","meta":{"_acf_changed":false,"_kad_blocks_custom_css":"","_kad_blocks_head_custom_js":"","_kad_blocks_body_custom_js":"","_kad_blocks_footer_custom_js":"","_kad_post_transparent":"default","_kad_post_title":"","_kad_post_layout":"default","_kad_post_sidebar_id":"","_kad_post_content_style":"default","_kad_post_vertical_padding":"default","_kad_post_feature":"","_kad_post_feature_position":"","_kad_post_header":false,"_kad_post_footer":false,"_kad_post_classname":""},"product_brand":[],"product_cat":[325,34,581,17],"product_tag":[102],"class_list":{"0":"post-2247","1":"product","2":"type-product","3":"status-publish","4":"has-post-thumbnail","6":"product_cat-midnattssol","7":"product_cat-orhangen","8":"product_cat-orhangen-med-stift","9":"product_cat-smycken","10":"product_tag-jokkmokks-tenn","11":"product_shipping_class-brev","12":"pa_shipping-time-produkten-finns-i-butiken-skickas-inom-1-3-arbetsdagar","14":"first","15":"instock","16":"taxable","17":"shipping-taxable","18":"purchasable","19":"product-type-simple","20":"entry","21":"content-bg","22":"loop-entry"},"bundled_by":[],"bundle_stock_status":"instock","bundle_stock_quantity":7,"bundle_virtual":false,"bundle_layout":"","bundle_add_to_cart_form_location":"","bundle_editable_in_cart":false,"bundle_sold_individually_context":"","bundle_item_grouping":"","bundle_min_size":"","bundle_max_size":"","bundled_items":[],"bundle_sell_ids":[],"acf":[],"featured_image_src_large":["https:\/\/www.shopinlapland.com\/wp-content\/uploads\/2025\/09\/Orhangen_2509_Midnattssol.jpg",800,800,false],"author_info":[],"comment_info":0,"taxonomy_info":{"product_cat":[{"value":325,"label":"Midnattssol"},{"value":34,"label":"\u00d6rh\u00e4ngen"},{"value":581,"label":"\u00d6rh\u00e4ngen med stift"},{"value":17,"label":"Smycken"}],"product_tag":[{"value":102,"label":"Jokkmokks Tenn"}],"pa_shipping-time":[{"value":65,"label":"Produkten finns i lager, skickas inom 1-3 arbetsdagar."}]},"_links":{"self":[{"href":"https:\/\/www.shopinlapland.com\/en\/wp-json\/wp\/v2\/product\/2247","targetHints":{"allow":["GET"]}}],"collection":[{"href":"https:\/\/www.shopinlapland.com\/en\/wp-json\/wp\/v2\/product"}],"about":[{"href":"https:\/\/www.shopinlapland.com\/en\/wp-json\/wp\/v2\/types\/product"}],"replies":[{"embeddable":true,"href":"https:\/\/www.shopinlapland.com\/en\/wp-json\/wp\/v2\/comments?post=2247"}],"wp:featuredmedia":[{"embeddable":true,"href":"https:\/\/www.shopinlapland.com\/en\/wp-json\/wp\/v2\/media\/71776"}],"wp:attachment":[{"href":"https:\/\/www.shopinlapland.com\/en\/wp-json\/wp\/v2\/media?parent=2247"}],"wp:term":[{"taxonomy":"product_brand","embeddable":true,"href":"https:\/\/www.shopinlapland.com\/en\/wp-json\/wp\/v2\/product_brand?post=2247"},{"taxonomy":"product_cat","embeddable":true,"href":"https:\/\/www.shopinlapland.com\/en\/wp-json\/wp\/v2\/product_cat?post=2247"},{"taxonomy":"product_tag","embeddable":true,"href":"https:\/\/www.shopinlapland.com\/en\/wp-json\/wp\/v2\/product_tag?post=2247"}],"curies":[{"name":"wp","href":"https:\/\/api.w.org\/{rel}","templated":true}]}}