{"id":2161,"date":"2025-09-13T00:00:00","date_gmt":"2025-09-12T22:00:00","guid":{"rendered":"https:\/\/staging.shopinlapland.com\/produkt\/silverorhange-stort-salbba\/"},"modified":"2026-05-04T15:12:45","modified_gmt":"2026-05-04T13:12:45","slug":"silverorhange-stort-salbba","status":"publish","type":"product","link":"https:\/\/www.shopinlapland.com\/en\/silverorhange-stort-salbba\/","title":{"rendered":"S\u00e5lbb\u00e5 Large \u2013 Silver Earrings"},"content":{"rendered":"","protected":false},"excerpt":{"rendered":"<p>Large silver earrings S\u00e5lbb\u00e5. S\u00e5lbb\u00e5 are Sami, in Swedish Silverl\u00f6v. With fantastic character, these pieces of jewelery are suitable both for everyday use and for parties.<\/p>\n<p>A piece of jewelery whose design is inspired by Sami culture, the rattle of the small bowls is said to keep away untied.<\/p>\n<p>Diameter 3.4 cm.<\/p>\n<p>A craft from Norrbotten.<\/p>","protected":false},"featured_media":71753,"comment_status":"open","ping_status":"closed","template":"","meta":{"_acf_changed":false,"_kad_blocks_custom_css":"","_kad_blocks_head_custom_js":"","_kad_blocks_body_custom_js":"","_kad_blocks_footer_custom_js":"","_kad_post_transparent":"default","_kad_post_title":"","_kad_post_layout":"default","_kad_post_sidebar_id":"","_kad_post_content_style":"default","_kad_post_vertical_padding":"default","_kad_post_feature":"","_kad_post_feature_position":"","_kad_post_header":false,"_kad_post_footer":false,"_kad_post_classname":""},"product_brand":[],"product_cat":[34,580,332,17],"product_tag":[161,102],"class_list":{"0":"post-2161","1":"product","2":"type-product","3":"status-publish","4":"has-post-thumbnail","6":"product_cat-orhangen","7":"product_cat-orhangen-med-krok","8":"product_cat-salbba","9":"product_cat-smycken","10":"product_tag-hantverk-fran-norrbotten","11":"product_tag-jokkmokks-tenn","12":"product_shipping_class-brev","13":"pa_shipping-time-produkten-finns-i-butiken-skickas-inom-1-3-arbetsdagar","15":"first","16":"instock","17":"taxable","18":"shipping-taxable","19":"purchasable","20":"product-type-simple","21":"entry","22":"content-bg","23":"loop-entry"},"bundled_by":[],"bundle_stock_status":"instock","bundle_stock_quantity":3,"bundle_virtual":false,"bundle_layout":"","bundle_add_to_cart_form_location":"","bundle_editable_in_cart":false,"bundle_sold_individually_context":"","bundle_item_grouping":"","bundle_min_size":"","bundle_max_size":"","bundled_items":[],"bundle_sell_ids":[],"acf":[],"featured_image_src_large":["https:\/\/www.shopinlapland.com\/wp-content\/uploads\/2025\/09\/Orhangen_2509_Salbba_stor_SPEC.jpg",800,800,false],"author_info":[],"comment_info":0,"taxonomy_info":{"product_cat":[{"value":34,"label":"\u00d6rh\u00e4ngen"},{"value":580,"label":"\u00d6rh\u00e4ngen med krok"},{"value":332,"label":"S\u00e5lbb\u00e5"},{"value":17,"label":"Smycken"}],"product_tag":[{"value":161,"label":"Hantverk fr\u00e5n Norrbotten"},{"value":102,"label":"Jokkmokks Tenn"}],"pa_shipping-time":[{"value":65,"label":"Produkten finns i lager, skickas inom 1-3 arbetsdagar."}]},"_links":{"self":[{"href":"https:\/\/www.shopinlapland.com\/en\/wp-json\/wp\/v2\/product\/2161","targetHints":{"allow":["GET"]}}],"collection":[{"href":"https:\/\/www.shopinlapland.com\/en\/wp-json\/wp\/v2\/product"}],"about":[{"href":"https:\/\/www.shopinlapland.com\/en\/wp-json\/wp\/v2\/types\/product"}],"replies":[{"embeddable":true,"href":"https:\/\/www.shopinlapland.com\/en\/wp-json\/wp\/v2\/comments?post=2161"}],"wp:featuredmedia":[{"embeddable":true,"href":"https:\/\/www.shopinlapland.com\/en\/wp-json\/wp\/v2\/media\/71753"}],"wp:attachment":[{"href":"https:\/\/www.shopinlapland.com\/en\/wp-json\/wp\/v2\/media?parent=2161"}],"wp:term":[{"taxonomy":"product_brand","embeddable":true,"href":"https:\/\/www.shopinlapland.com\/en\/wp-json\/wp\/v2\/product_brand?post=2161"},{"taxonomy":"product_cat","embeddable":true,"href":"https:\/\/www.shopinlapland.com\/en\/wp-json\/wp\/v2\/product_cat?post=2161"},{"taxonomy":"product_tag","embeddable":true,"href":"https:\/\/www.shopinlapland.com\/en\/wp-json\/wp\/v2\/product_tag?post=2161"}],"curies":[{"name":"wp","href":"https:\/\/api.w.org\/{rel}","templated":true}]}}