{"id":2078,"date":"2025-08-22T00:00:00","date_gmt":"2025-08-21T22:00:00","guid":{"rendered":"https:\/\/staging.shopinlapland.com\/produkt\/silverorhangen-swarovski\/"},"modified":"2026-01-21T14:05:54","modified_gmt":"2026-01-21T13:05:54","slug":"silverorhangen-swarovski","status":"publish","type":"product","link":"https:\/\/www.shopinlapland.com\/en\/silverorhangen-swarovski\/","title":{"rendered":"Swarovski \u2013 Silver Earrings"},"content":{"rendered":"","protected":false},"excerpt":{"rendered":"<p>Silver earrings with three rows of silver hanging bowls. Swarovski crystal in the middle. Created by Sami silversmiths..<\/p>\n<p>A craft from Lapland.<\/p>\n<p>Length about 5 cm<\/p>","protected":false},"featured_media":71752,"comment_status":"open","ping_status":"closed","template":"","meta":{"_acf_changed":false,"_kad_blocks_custom_css":"","_kad_blocks_head_custom_js":"","_kad_blocks_body_custom_js":"","_kad_blocks_footer_custom_js":"","_kad_post_transparent":"default","_kad_post_title":"","_kad_post_layout":"default","_kad_post_sidebar_id":"","_kad_post_content_style":"default","_kad_post_vertical_padding":"default","_kad_post_feature":"","_kad_post_feature_position":"","_kad_post_header":false,"_kad_post_footer":false,"_kad_post_classname":""},"product_brand":[],"product_cat":[34,580,56,17],"product_tag":[174,161,106],"class_list":{"0":"post-2078","1":"product","2":"type-product","3":"status-publish","4":"has-post-thumbnail","6":"product_cat-orhangen","7":"product_cat-orhangen-med-krok","8":"product_cat-samiska-smycken","9":"product_cat-smycken","10":"product_tag-duodji","11":"product_tag-hantverk-fran-norrbotten","12":"product_tag-samiskt-hantverk","13":"product_shipping_class-brev","14":"pa_shipping-time-produkten-finns-i-butiken-skickas-inom-1-3-arbetsdagar","16":"first","17":"instock","18":"taxable","19":"shipping-taxable","20":"purchasable","21":"product-type-simple","22":"entry","23":"content-bg","24":"loop-entry"},"bundled_by":[],"bundle_stock_status":"instock","bundle_stock_quantity":2,"bundle_virtual":false,"bundle_layout":"","bundle_add_to_cart_form_location":"","bundle_editable_in_cart":false,"bundle_sold_individually_context":"","bundle_item_grouping":"","bundle_min_size":"","bundle_max_size":"","bundled_items":[],"bundle_sell_ids":[],"acf":[],"featured_image_src_large":["https:\/\/www.shopinlapland.com\/wp-content\/uploads\/2025\/09\/Orhangen_2509_2_Swarowski_SPEC.jpg",800,800,false],"author_info":[],"comment_info":0,"taxonomy_info":{"product_cat":[{"value":34,"label":"\u00d6rh\u00e4ngen"},{"value":580,"label":"\u00d6rh\u00e4ngen med krok"},{"value":56,"label":"Samiska smycken"},{"value":17,"label":"Smycken"}],"product_tag":[{"value":174,"label":"Duodji"},{"value":161,"label":"Hantverk fr\u00e5n Norrbotten"},{"value":106,"label":"Samiskt hantverk"}],"pa_shipping-time":[{"value":65,"label":"Produkten finns i lager, skickas inom 1-3 arbetsdagar."}]},"_links":{"self":[{"href":"https:\/\/www.shopinlapland.com\/en\/wp-json\/wp\/v2\/product\/2078","targetHints":{"allow":["GET"]}}],"collection":[{"href":"https:\/\/www.shopinlapland.com\/en\/wp-json\/wp\/v2\/product"}],"about":[{"href":"https:\/\/www.shopinlapland.com\/en\/wp-json\/wp\/v2\/types\/product"}],"replies":[{"embeddable":true,"href":"https:\/\/www.shopinlapland.com\/en\/wp-json\/wp\/v2\/comments?post=2078"}],"wp:featuredmedia":[{"embeddable":true,"href":"https:\/\/www.shopinlapland.com\/en\/wp-json\/wp\/v2\/media\/71752"}],"wp:attachment":[{"href":"https:\/\/www.shopinlapland.com\/en\/wp-json\/wp\/v2\/media?parent=2078"}],"wp:term":[{"taxonomy":"product_brand","embeddable":true,"href":"https:\/\/www.shopinlapland.com\/en\/wp-json\/wp\/v2\/product_brand?post=2078"},{"taxonomy":"product_cat","embeddable":true,"href":"https:\/\/www.shopinlapland.com\/en\/wp-json\/wp\/v2\/product_cat?post=2078"},{"taxonomy":"product_tag","embeddable":true,"href":"https:\/\/www.shopinlapland.com\/en\/wp-json\/wp\/v2\/product_tag?post=2078"}],"curies":[{"name":"wp","href":"https:\/\/api.w.org\/{rel}","templated":true}]}}