{"id":2047,"date":"2025-08-15T00:00:00","date_gmt":"2025-08-14T22:00:00","guid":{"rendered":"https:\/\/staging.shopinlapland.com\/?post_type=product&#038;p=2047"},"modified":"2026-03-20T15:28:30","modified_gmt":"2026-03-20T14:28:30","slug":"tennarmband-fjallglim","status":"publish","type":"product","link":"https:\/\/www.shopinlapland.com\/en\/tennarmband-fjallglim\/","title":{"rendered":"Pewter Bracelet Mountain Glimmer"},"content":{"rendered":"","protected":false},"excerpt":{"rendered":"<p>Beautiful bracelet with small silver beads and pewter thread attached to reindeer skin. Reindeer horn button.<\/p>\n<p>A craft from Norrbotten.<\/p>\n<p class=\"p1\"><b>NOTE!<br \/>\nFor the correct size, measure the circumference around your wrist as shown in the picture and then add 1.5 cm.<\/b><\/p>","protected":false},"featured_media":2048,"comment_status":"open","ping_status":"closed","template":"","meta":{"_acf_changed":false,"_kad_blocks_custom_css":"","_kad_blocks_head_custom_js":"","_kad_blocks_body_custom_js":"","_kad_blocks_footer_custom_js":"","_kad_post_transparent":"default","_kad_post_title":"","_kad_post_layout":"default","_kad_post_sidebar_id":"","_kad_post_content_style":"default","_kad_post_vertical_padding":"default","_kad_post_feature":"","_kad_post_feature_position":"","_kad_post_header":false,"_kad_post_footer":false,"_kad_post_classname":""},"product_brand":[],"product_cat":[35,16,37],"product_tag":[161,101],"class_list":{"0":"post-2047","1":"product","2":"type-product","3":"status-publish","4":"has-post-thumbnail","6":"product_cat-smala-tennarmband","7":"product_cat-tennarmband","8":"product_cat-tennarmband-med-parlor","9":"product_tag-hantverk-fran-norrbotten","10":"product_tag-tenntradsarmband","11":"product_shipping_class-tennarmband","12":"pa_farg-svart","13":"pa_shipping-time-produkten-tillverkas-efter-bestallning-skickas-inom-1-vecka","14":"pa_storlek-cm-66","15":"pa_storlek-cm-67","16":"pa_storlek-cm-68","17":"pa_storlek-cm-69","18":"pa_storlek-cm-70","19":"pa_storlek-cm-71","20":"pa_storlek-cm-72","21":"pa_storlek-cm-73","22":"pa_storlek-cm-74","23":"pa_storlek-cm-75","24":"pa_storlek-cm-76","25":"pa_storlek-cm-storre_storlek","27":"first","28":"instock","29":"taxable","30":"shipping-taxable","31":"purchasable","32":"product-type-variable","33":"has-default-attributes","34":"entry","35":"content-bg","36":"loop-entry"},"bundled_by":[],"bundle_stock_status":"instock","bundle_stock_quantity":null,"bundle_virtual":false,"bundle_layout":"","bundle_add_to_cart_form_location":"","bundle_editable_in_cart":false,"bundle_sold_individually_context":"","bundle_item_grouping":"","bundle_min_size":"","bundle_max_size":"","bundled_items":[],"bundle_sell_ids":[],"acf":[],"featured_image_src_large":["https:\/\/www.shopinlapland.com\/wp-content\/uploads\/2020\/06\/fjallglim.jpg",700,700,false],"author_info":[],"comment_info":0,"taxonomy_info":{"product_cat":[{"value":35,"label":"Smala tennarmband - under 1,2 cm"},{"value":16,"label":"Tennarmband"},{"value":37,"label":"Tennarmband med p\u00e4rlor"}],"product_tag":[{"value":161,"label":"Hantverk fr\u00e5n Norrbotten"},{"value":101,"label":"Tenntr\u00e5dsarmband"}],"pa_farg":[{"value":62,"label":"Svart"}],"pa_shipping-time":[{"value":94,"label":"Produkten tillverkas efter best\u00e4llning, skickas inom 1 vecka."}],"pa_storlek-cm":[{"value":66,"label":"16"},{"value":67,"label":"16,5"},{"value":68,"label":"17"},{"value":69,"label":"17,5"},{"value":70,"label":"18"},{"value":71,"label":"18,5"},{"value":72,"label":"19"},{"value":73,"label":"19,5"},{"value":74,"label":"20"},{"value":75,"label":"20,5"},{"value":76,"label":"21"},{"value":605,"label":"St\u00f6rre storlek"}]},"_links":{"self":[{"href":"https:\/\/www.shopinlapland.com\/en\/wp-json\/wp\/v2\/product\/2047","targetHints":{"allow":["GET"]}}],"collection":[{"href":"https:\/\/www.shopinlapland.com\/en\/wp-json\/wp\/v2\/product"}],"about":[{"href":"https:\/\/www.shopinlapland.com\/en\/wp-json\/wp\/v2\/types\/product"}],"replies":[{"embeddable":true,"href":"https:\/\/www.shopinlapland.com\/en\/wp-json\/wp\/v2\/comments?post=2047"}],"wp:featuredmedia":[{"embeddable":true,"href":"https:\/\/www.shopinlapland.com\/en\/wp-json\/wp\/v2\/media\/2048"}],"wp:attachment":[{"href":"https:\/\/www.shopinlapland.com\/en\/wp-json\/wp\/v2\/media?parent=2047"}],"wp:term":[{"taxonomy":"product_brand","embeddable":true,"href":"https:\/\/www.shopinlapland.com\/en\/wp-json\/wp\/v2\/product_brand?post=2047"},{"taxonomy":"product_cat","embeddable":true,"href":"https:\/\/www.shopinlapland.com\/en\/wp-json\/wp\/v2\/product_cat?post=2047"},{"taxonomy":"product_tag","embeddable":true,"href":"https:\/\/www.shopinlapland.com\/en\/wp-json\/wp\/v2\/product_tag?post=2047"}],"curies":[{"name":"wp","href":"https:\/\/api.w.org\/{rel}","templated":true}]}}