{"id":1995,"date":"2022-03-15T00:00:00","date_gmt":"2022-03-14T23:00:00","guid":{"rendered":"https:\/\/staging.shopinlapland.com\/?post_type=product&#038;p=1995"},"modified":"2026-03-25T09:47:46","modified_gmt":"2026-03-25T08:47:46","slug":"ice-tenntradshalsband","status":"publish","type":"product","link":"https:\/\/www.shopinlapland.com\/en\/ice-tenntradshalsband\/","title":{"rendered":"ICE \u2013 Tin wire necklace"},"content":{"rendered":"","protected":false},"excerpt":{"rendered":"<p>Necklace with tin wire braid with threaded Preciosa pearls that shimmer like sparkling ice crystals. Button with small carabiner.<br \/>\nLength 45 cm<\/p>\n<p>A craft from Norrbotten.<\/p>","protected":false},"featured_media":49937,"comment_status":"open","ping_status":"closed","template":"","meta":{"_acf_changed":false,"_kad_blocks_custom_css":"","_kad_blocks_head_custom_js":"","_kad_blocks_body_custom_js":"","_kad_blocks_footer_custom_js":"","_kad_post_transparent":"default","_kad_post_title":"","_kad_post_layout":"default","_kad_post_sidebar_id":"","_kad_post_content_style":"default","_kad_post_vertical_padding":"default","_kad_post_feature":"","_kad_post_feature_position":"","_kad_post_header":false,"_kad_post_footer":false,"_kad_post_classname":""},"product_brand":[],"product_cat":[607],"product_tag":[],"class_list":{"0":"post-1995","1":"product","2":"type-product","3":"status-publish","4":"has-post-thumbnail","6":"product_cat-tenntradshalsband","7":"product_shipping_class-paket","8":"pa_shipping-time-produkten-tillverkas-efter-bestallning-skickas-inom-2-veckor","9":"pa_storlek-cm-45-cm","11":"first","12":"instock","13":"taxable","14":"shipping-taxable","15":"purchasable","16":"product-type-simple","17":"entry","18":"content-bg","19":"loop-entry"},"bundled_by":[],"bundle_stock_status":"instock","bundle_stock_quantity":null,"bundle_virtual":false,"bundle_layout":"","bundle_add_to_cart_form_location":"","bundle_editable_in_cart":false,"bundle_sold_individually_context":"","bundle_item_grouping":"","bundle_min_size":"","bundle_max_size":"","bundled_items":[],"bundle_sell_ids":[],"acf":[],"featured_image_src_large":["https:\/\/www.shopinlapland.com\/wp-content\/uploads\/2017\/02\/IMG_9840_preciosa_800.jpg",800,800,false],"author_info":[],"comment_info":0,"taxonomy_info":{"product_cat":[{"value":607,"label":"Tenntr\u00e5dshalsband"}],"pa_shipping-time":[{"value":80,"label":"Produkten tillverkas efter best\u00e4llning, skickas inom tv\u00e5 veckor."}],"pa_storlek-cm":[{"value":382,"label":"45 cm"}]},"_links":{"self":[{"href":"https:\/\/www.shopinlapland.com\/en\/wp-json\/wp\/v2\/product\/1995","targetHints":{"allow":["GET"]}}],"collection":[{"href":"https:\/\/www.shopinlapland.com\/en\/wp-json\/wp\/v2\/product"}],"about":[{"href":"https:\/\/www.shopinlapland.com\/en\/wp-json\/wp\/v2\/types\/product"}],"replies":[{"embeddable":true,"href":"https:\/\/www.shopinlapland.com\/en\/wp-json\/wp\/v2\/comments?post=1995"}],"wp:featuredmedia":[{"embeddable":true,"href":"https:\/\/www.shopinlapland.com\/en\/wp-json\/wp\/v2\/media\/49937"}],"wp:attachment":[{"href":"https:\/\/www.shopinlapland.com\/en\/wp-json\/wp\/v2\/media?parent=1995"}],"wp:term":[{"taxonomy":"product_brand","embeddable":true,"href":"https:\/\/www.shopinlapland.com\/en\/wp-json\/wp\/v2\/product_brand?post=1995"},{"taxonomy":"product_cat","embeddable":true,"href":"https:\/\/www.shopinlapland.com\/en\/wp-json\/wp\/v2\/product_cat?post=1995"},{"taxonomy":"product_tag","embeddable":true,"href":"https:\/\/www.shopinlapland.com\/en\/wp-json\/wp\/v2\/product_tag?post=1995"}],"curies":[{"name":"wp","href":"https:\/\/api.w.org\/{rel}","templated":true}]}}