{"id":1791,"date":"2025-10-14T00:00:00","date_gmt":"2025-10-13T22:00:00","guid":{"rendered":"https:\/\/staging.shopinlapland.com\/produkt\/trakasa-med-skaft\/"},"modified":"2026-05-02T13:43:13","modified_gmt":"2026-05-02T11:43:13","slug":"trakasa-med-skaft","status":"publish","type":"product","link":"https:\/\/www.shopinlapland.com\/en\/trakasa-med-skaft\/","title":{"rendered":"Wooden Cup with Handle - approx. 1.1 dl"},"content":{"rendered":"<p>A wooden hut in Masur birch to take with you on the mountain hike, hang it on your belt and take it out by the mountain jock and fill it with fresh water or why not with boiling coffee by the campfire.<\/p>\n<p><strong>Care advice:<\/strong><br \/>\nRinse the case with lukewarm water, do NOT use dish soap. If necessary, lubricate with paraffin oil. Wood has good properties, wood is antibacterial and dries quickly.<\/p>","protected":false},"excerpt":{"rendered":"<p>Traditional wooden box from Tornedalen in birch wood, impregnated with strong coffee for nice color and shine and treated with paraffin oil to prevent the wood from drying out. Holds ~1.1 dl. The jacket has a leather strap.<\/p>\n<p>The cup should only be rinsed off with lukewarm water. DO NOT use detergent. If necessary, lubricate with paraffin oil.<\/p>","protected":false},"featured_media":65738,"comment_status":"open","ping_status":"closed","template":"","meta":{"_acf_changed":false,"_kad_blocks_custom_css":"","_kad_blocks_head_custom_js":"","_kad_blocks_body_custom_js":"","_kad_blocks_footer_custom_js":"","_kad_post_transparent":"default","_kad_post_title":"","_kad_post_layout":"default","_kad_post_sidebar_id":"","_kad_post_content_style":"default","_kad_post_vertical_padding":"default","_kad_post_feature":"","_kad_post_feature_position":"","_kad_post_header":false,"_kad_post_footer":false,"_kad_post_classname":""},"product_brand":[],"product_cat":[29,22,49,26],"product_tag":[169,353,306,342,268],"class_list":{"0":"post-1791","1":"product","2":"type-product","3":"status-publish","4":"has-post-thumbnail","6":"product_cat-friluftslivet","7":"product_cat-heminredning","8":"product_cat-trakasor","9":"product_cat-kok-och-dukning","10":"product_tag-doppresent","11":"product_tag-farsdag","12":"product_tag-handgravyr","13":"product_tag-studentpresent","14":"product_tag-utvald","15":"product_shipping_class-stort-brev","16":"pa_shipping-time-produkten-finns-i-butiken-skickas-inom-1-3-arbetsdagar","18":"first","19":"instock","20":"taxable","21":"shipping-taxable","22":"purchasable","23":"product-type-simple","24":"entry","25":"content-bg","26":"loop-entry"},"bundled_by":[],"bundle_stock_status":"instock","bundle_stock_quantity":36,"bundle_virtual":false,"bundle_layout":"","bundle_add_to_cart_form_location":"","bundle_editable_in_cart":false,"bundle_sold_individually_context":"","bundle_item_grouping":"","bundle_min_size":"","bundle_max_size":"","bundled_items":[],"bundle_sell_ids":[],"acf":[],"featured_image_src_large":["https:\/\/www.shopinlapland.com\/wp-content\/uploads\/2024\/10\/kasa_med_skaft.jpg",800,800,false],"author_info":[],"comment_info":0,"taxonomy_info":{"product_cat":[{"value":29,"label":"Friluftslivet"},{"value":22,"label":"Heminredning"},{"value":49,"label":"K\u00e5sor i tr\u00e4"},{"value":26,"label":"K\u00f6k &amp; Dukning"}],"product_tag":[{"value":169,"label":"Doppresent"},{"value":353,"label":"Farsdag"},{"value":306,"label":"Handgravyr"},{"value":342,"label":"Studentpresent"},{"value":268,"label":"utvald"}],"pa_shipping-time":[{"value":65,"label":"Produkten finns i lager, skickas inom 1-3 arbetsdagar."}]},"_links":{"self":[{"href":"https:\/\/www.shopinlapland.com\/en\/wp-json\/wp\/v2\/product\/1791","targetHints":{"allow":["GET"]}}],"collection":[{"href":"https:\/\/www.shopinlapland.com\/en\/wp-json\/wp\/v2\/product"}],"about":[{"href":"https:\/\/www.shopinlapland.com\/en\/wp-json\/wp\/v2\/types\/product"}],"replies":[{"embeddable":true,"href":"https:\/\/www.shopinlapland.com\/en\/wp-json\/wp\/v2\/comments?post=1791"}],"wp:featuredmedia":[{"embeddable":true,"href":"https:\/\/www.shopinlapland.com\/en\/wp-json\/wp\/v2\/media\/65738"}],"wp:attachment":[{"href":"https:\/\/www.shopinlapland.com\/en\/wp-json\/wp\/v2\/media?parent=1791"}],"wp:term":[{"taxonomy":"product_brand","embeddable":true,"href":"https:\/\/www.shopinlapland.com\/en\/wp-json\/wp\/v2\/product_brand?post=1791"},{"taxonomy":"product_cat","embeddable":true,"href":"https:\/\/www.shopinlapland.com\/en\/wp-json\/wp\/v2\/product_cat?post=1791"},{"taxonomy":"product_tag","embeddable":true,"href":"https:\/\/www.shopinlapland.com\/en\/wp-json\/wp\/v2\/product_tag?post=1791"}],"curies":[{"name":"wp","href":"https:\/\/api.w.org\/{rel}","templated":true}]}}