{"id":131,"date":"2025-09-11T00:00:00","date_gmt":"2025-09-10T22:00:00","guid":{"rendered":"https:\/\/staging.shopinlapland.com\/produkt\/klassikern\/"},"modified":"2026-03-20T16:10:45","modified_gmt":"2026-03-20T15:10:45","slug":"tennarmband-klassikern-finns-i-flera-farger","status":"publish","type":"product","link":"https:\/\/www.shopinlapland.com\/en\/tennarmband-klassikern-finns-i-flera-farger\/","title":{"rendered":"Pewter Bracelet The Classic - Available in Several Colors"},"content":{"rendered":"","protected":false},"excerpt":{"rendered":"<p>Tin bracelet with tin braid, the braid is sewn on vegetable tanned reindeer skin. Width about 0.9 cm. Reindeer horn button and reinforced loop. A craft from Norrbotten.<\/p>\n<p>Available as a stock product, that is, with a slightly shorter delivery time than all other pewter bracelets that we make to order.<\/p>\n<p class=\"p1\"><b>NOTE!<br \/>\nFor the correct size, measure the circumference around your wrist as shown in the picture and then add 1.5 cm.<\/b><\/p>","protected":false},"featured_media":132,"comment_status":"open","ping_status":"closed","template":"","meta":{"_acf_changed":false,"_kad_blocks_custom_css":"","_kad_blocks_head_custom_js":"","_kad_blocks_body_custom_js":"","_kad_blocks_footer_custom_js":"","_kad_post_transparent":"default","_kad_post_title":"","_kad_post_layout":"default","_kad_post_sidebar_id":"","_kad_post_content_style":"default","_kad_post_vertical_padding":"default","_kad_post_feature":"","_kad_post_feature_position":"","_kad_post_header":false,"_kad_post_footer":false,"_kad_post_classname":""},"product_brand":[],"product_cat":[39,35,16],"product_tag":[353,92,342],"class_list":{"0":"post-131","1":"product","2":"type-product","3":"status-publish","4":"has-post-thumbnail","6":"product_cat-klassiska-tennarmband","7":"product_cat-smala-tennarmband","8":"product_cat-tennarmband","9":"product_tag-farsdag","10":"product_tag-samearmband","11":"product_tag-studentpresent","12":"product_shipping_class-tennarmband","13":"pa_farg-bla","14":"pa_farg-ljusbrun","15":"pa_farg-morkbrun","16":"pa_farg-rod","17":"pa_farg-svart","18":"pa_shipping-time-produkten-tillverkas-efter-bestallning-skickas-inom-tre-dagar","19":"pa_storlek-cm-66","20":"pa_storlek-cm-67","21":"pa_storlek-cm-68","22":"pa_storlek-cm-69","23":"pa_storlek-cm-70","24":"pa_storlek-cm-71","25":"pa_storlek-cm-72","26":"pa_storlek-cm-73","27":"pa_storlek-cm-74","28":"pa_storlek-cm-75","29":"pa_storlek-cm-76","30":"pa_storlek-cm-storre_storlek","32":"first","33":"instock","34":"taxable","35":"shipping-taxable","36":"purchasable","37":"product-type-variable","38":"entry","39":"content-bg","40":"loop-entry"},"bundled_by":[],"bundle_stock_status":"instock","bundle_stock_quantity":null,"bundle_virtual":false,"bundle_layout":"","bundle_add_to_cart_form_location":"","bundle_editable_in_cart":false,"bundle_sold_individually_context":"","bundle_item_grouping":"","bundle_min_size":"","bundle_max_size":"","bundled_items":[],"bundle_sell_ids":[],"acf":[],"featured_image_src_large":["https:\/\/www.shopinlapland.com\/wp-content\/uploads\/2020\/06\/Klassikern.jpg",800,800,false],"author_info":[],"comment_info":0,"taxonomy_info":{"product_cat":[{"value":39,"label":"Klassiska tennarmband"},{"value":35,"label":"Smala tennarmband - under 1,2 cm"},{"value":16,"label":"Tennarmband"}],"product_tag":[{"value":353,"label":"Farsdag"},{"value":92,"label":"Samearmband"},{"value":342,"label":"Studentpresent"}],"pa_farg":[{"value":60,"label":"Bl\u00e5"},{"value":79,"label":"Ljusbrun"},{"value":93,"label":"M\u00f6rkbrun"},{"value":61,"label":"R\u00f6d"},{"value":62,"label":"Svart"}],"pa_shipping-time":[{"value":600,"label":"Produkten tillverkas efter best\u00e4llning, skickas inom tre dagar."}],"pa_storlek-cm":[{"value":66,"label":"16"},{"value":67,"label":"16,5"},{"value":68,"label":"17"},{"value":69,"label":"17,5"},{"value":70,"label":"18"},{"value":71,"label":"18,5"},{"value":72,"label":"19"},{"value":73,"label":"19,5"},{"value":74,"label":"20"},{"value":75,"label":"20,5"},{"value":76,"label":"21"},{"value":605,"label":"St\u00f6rre storlek"}]},"_links":{"self":[{"href":"https:\/\/www.shopinlapland.com\/en\/wp-json\/wp\/v2\/product\/131","targetHints":{"allow":["GET"]}}],"collection":[{"href":"https:\/\/www.shopinlapland.com\/en\/wp-json\/wp\/v2\/product"}],"about":[{"href":"https:\/\/www.shopinlapland.com\/en\/wp-json\/wp\/v2\/types\/product"}],"replies":[{"embeddable":true,"href":"https:\/\/www.shopinlapland.com\/en\/wp-json\/wp\/v2\/comments?post=131"}],"wp:featuredmedia":[{"embeddable":true,"href":"https:\/\/www.shopinlapland.com\/en\/wp-json\/wp\/v2\/media\/132"}],"wp:attachment":[{"href":"https:\/\/www.shopinlapland.com\/en\/wp-json\/wp\/v2\/media?parent=131"}],"wp:term":[{"taxonomy":"product_brand","embeddable":true,"href":"https:\/\/www.shopinlapland.com\/en\/wp-json\/wp\/v2\/product_brand?post=131"},{"taxonomy":"product_cat","embeddable":true,"href":"https:\/\/www.shopinlapland.com\/en\/wp-json\/wp\/v2\/product_cat?post=131"},{"taxonomy":"product_tag","embeddable":true,"href":"https:\/\/www.shopinlapland.com\/en\/wp-json\/wp\/v2\/product_tag?post=131"}],"curies":[{"name":"wp","href":"https:\/\/api.w.org\/{rel}","templated":true}]}}