{"id":3556,"date":"2020-06-12T16:40:16","date_gmt":"2020-06-12T14:40:16","guid":{"rendered":"https:\/\/staging.shopinlapland.com\/?page_id=3556"},"modified":"2025-10-04T10:33:25","modified_gmt":"2025-10-04T08:33:25","slug":"om-oss","status":"publish","type":"page","link":"https:\/\/www.shopinlapland.com\/en\/om-oss\/","title":{"rendered":"About us"},"content":{"rendered":"<h2>Shop in Lapland<\/h2>\n<p>Handpicked selection of Nordic design and traditional craftsmanship in natural materials. Sales via webshop with stock in Boden.<\/p>\n<h2>Selected Nordic design<\/h2>\n<p>Shop in Lapland handpicks design and crafts created from genuine natural materials that carry the history of the rich cultural landscape of the Nordic region. With deep knowledge, a strong sense of form and aesthetics, and great respect for skilled artists, Shop in Lapland guarantees quality and authenticity.<\/p>\n<p>We who founded and started Shop in Lapland are from G\u00e4llivare and our hearts beat extra for Lapland; the lifestyle, the eight seasons, the midnight sun, the northern lights, steaming snowstorms, plains, mountains, rivers, deep forests and the Sami culture.<\/p>\n<p>We look forward to helping you find the perfect gift for your home, to give away or carry yourself.<\/p>\n<p>We are of course afraid of our environment and therefore reuse cartons and packaging materials, so do not be surprised if your order comes in a recycled carton.<\/p>\n<p>We wish you a warm welcome to our web shop.<\/p>\n<p><em>Gunilla and Curt Burman<\/em><\/p>\n<h2>Facts<\/h2>\n<p>The online shop Shopinlapland.com was started on June 27, 2008. On November 30, 2008, we opened our store\/showroom in Gammelstads Kyrkstad, Lule\u00e5. Due to the pandemic, the store was closed and we made the choice to remain closed and focus on our webshop. January 22, 2024, we moved to Stationsgatan 10 in Boden.<\/p>\n<p>March 16, 2017, the company was transformed from Utsikt \u00d6ver Norrbotten HB to AB. The company is now called Shop in Lapland C&amp;G AB.<\/p>\n<h2>Company name<\/h2>\n<p><strong>Shop in Lapland C&amp;G AB<\/strong><\/p>\n<p><strong>Org. Number:<\/strong><br \/>\n559083-8933<\/p>\n<p><strong>Address:<\/strong><br \/>\nShop in Lapland, Stationsgatan 10,<br \/>\nSE-961 61 Boden<\/p>\n<p><strong>Mobile:<\/strong><br \/>\n070-690 58 09<\/p>\n<p><strong>E-mail: <\/strong><br \/>\ninfo@shopinlapland.com<\/p>","protected":false},"excerpt":{"rendered":"<p>Shop in Lapland Handplockat urval av nordisk design och traditionellt hantverk i naturmaterial. F\u00f6rs\u00e4ljning via webbshop med varulager i Boden. Utvald nordisk design Shop in Lapland handplockar design och konsthantverk skapat av genuina naturmaterial som b\u00e4r historien om det rika kulturlandskapet i Norden. Med djup kunskap, en stark k\u00e4nsla f\u00f6r form och estetik och stor&#8230;<\/p>","protected":false},"author":1,"featured_media":0,"parent":0,"menu_order":0,"comment_status":"closed","ping_status":"closed","template":"","meta":{"_acf_changed":false,"_kad_blocks_custom_css":"","_kad_blocks_head_custom_js":"","_kad_blocks_body_custom_js":"","_kad_blocks_footer_custom_js":"","_kad_post_transparent":"","_kad_post_title":"","_kad_post_layout":"","_kad_post_sidebar_id":"","_kad_post_content_style":"","_kad_post_vertical_padding":"","_kad_post_feature":"","_kad_post_feature_position":"","_kad_post_header":false,"_kad_post_footer":false,"_kad_post_classname":"","footnotes":""},"sidtyp":[],"class_list":["post-3556","page","type-page","status-publish","hentry"],"acf":[],"featured_image_src_large":false,"author_info":{"display_name":"Markus","author_link":"https:\/\/www.shopinlapland.com\/en\/author\/mkh\/"},"comment_info":0,"taxonomy_info":[],"_links":{"self":[{"href":"https:\/\/www.shopinlapland.com\/en\/wp-json\/wp\/v2\/pages\/3556","targetHints":{"allow":["GET"]}}],"collection":[{"href":"https:\/\/www.shopinlapland.com\/en\/wp-json\/wp\/v2\/pages"}],"about":[{"href":"https:\/\/www.shopinlapland.com\/en\/wp-json\/wp\/v2\/types\/page"}],"author":[{"embeddable":true,"href":"https:\/\/www.shopinlapland.com\/en\/wp-json\/wp\/v2\/users\/1"}],"replies":[{"embeddable":true,"href":"https:\/\/www.shopinlapland.com\/en\/wp-json\/wp\/v2\/comments?post=3556"}],"version-history":[{"count":5,"href":"https:\/\/www.shopinlapland.com\/en\/wp-json\/wp\/v2\/pages\/3556\/revisions"}],"predecessor-version":[{"id":71978,"href":"https:\/\/www.shopinlapland.com\/en\/wp-json\/wp\/v2\/pages\/3556\/revisions\/71978"}],"wp:attachment":[{"href":"https:\/\/www.shopinlapland.com\/en\/wp-json\/wp\/v2\/media?parent=3556"}],"wp:term":[{"taxonomy":"sidtyp","embeddable":true,"href":"https:\/\/www.shopinlapland.com\/en\/wp-json\/wp\/v2\/sidtyp?post=3556"}],"curies":[{"name":"wp","href":"https:\/\/api.w.org\/{rel}","templated":true}]}}